{"id":4608,"date":"2023-11-27T07:59:18","date_gmt":"2023-11-27T05:59:18","guid":{"rendered":"https:\/\/meggyz.com\/?post_type=product&#038;p=4608"},"modified":"2024-09-04T12:38:39","modified_gmt":"2024-09-04T10:38:39","slug":"poitrine-personnalisable-collection-feminite","status":"publish","type":"product","link":"https:\/\/meggyz.com\/en\/product\/poitrine-personnalisable-collection-feminite\/","title":{"rendered":"Poitrine sur commande"},"content":{"rendered":"<p>La Collection f\u00e9minit\u00e9 incarne l&rsquo;esprit Girl power avec audace et finesse, fusionnant l&rsquo;\u00e9l\u00e9gance et l&rsquo;affirmation de soi.<\/p>\n<p><em>Mat\u00e9riaux<\/em> :<\/p>\n<ul>\n<li>Crochets et embouts en Gold filled 14K<\/li>\n<li>Perles japonaises en verre<\/li>\n<\/ul>\n<p>A vous de choisir :<br \/>\nLa carnation : <strong>9 couleurs<\/strong> au choix (voir photo)<br \/>\nLe contour : <strong>6 couleurs<\/strong> au choix (voir photo)<br \/>\nLes perles rondes : <strong>8\u00a0couleurs<\/strong> au choix (voir photo)<\/p>\n<p>SUR COMMANDE : D\u00e9lai de fabrication de 10 jours ouvr\u00e9s (je fais au maximum pour raccourcir les d\u00e9lais autant que je peux)<\/p>\n<p><em>** Pour plus d&rsquo;information, veuillez me contacter en cliquant <a href=\"https:\/\/meggyz.com\/en\/contact\/\">here<\/a> **<\/em><\/p>","protected":false},"excerpt":{"rendered":"<p>Les boucles d&rsquo;oreilles de la Collection F\u00e9minit\u00e9 sont dessin\u00e9es et tiss\u00e9es \u00e0 la main dans mon atelier, chaque pi\u00e8ce est unique &#8211; Cr\u00e9ation originale, moderne et authentique sign\u00e9e MeggyZ.<\/p>","protected":false},"featured_media":174744,"template":"","meta":{"site-sidebar-layout":"default","site-content-layout":"","ast-site-content-layout":"default","site-content-style":"default","site-sidebar-style":"default","ast-global-header-display":"","ast-banner-title-visibility":"","ast-main-header-display":"","ast-hfb-above-header-display":"","ast-hfb-below-header-display":"","ast-hfb-mobile-header-display":"","site-post-title":"","ast-breadcrumbs-content":"","ast-featured-img":"","footer-sml-layout":"","ast-disable-related-posts":"","theme-transparent-header-meta":"default","adv-header-id-meta":"","stick-header-meta":"","header-above-stick-meta":"","header-main-stick-meta":"","header-below-stick-meta":"","astra-migrate-meta-layouts":"set","ast-page-background-enabled":"default","ast-page-background-meta":{"desktop":{"background-color":"var(--ast-global-color-4)","background-image":"","background-repeat":"repeat","background-position":"center center","background-size":"auto","background-attachment":"scroll","background-type":"","background-media":"","overlay-type":"","overlay-color":"","overlay-opacity":"","overlay-gradient":""},"tablet":{"background-color":"","background-image":"","background-repeat":"repeat","background-position":"center center","background-size":"auto","background-attachment":"scroll","background-type":"","background-media":"","overlay-type":"","overlay-color":"","overlay-opacity":"","overlay-gradient":""},"mobile":{"background-color":"","background-image":"","background-repeat":"repeat","background-position":"center center","background-size":"auto","background-attachment":"scroll","background-type":"","background-media":"","overlay-type":"","overlay-color":"","overlay-opacity":"","overlay-gradient":""}},"ast-content-background-meta":{"desktop":{"background-color":"var(--ast-global-color-5)","background-image":"","background-repeat":"repeat","background-position":"center center","background-size":"auto","background-attachment":"scroll","background-type":"","background-media":"","overlay-type":"","overlay-color":"","overlay-opacity":"","overlay-gradient":""},"tablet":{"background-color":"var(--ast-global-color-5)","background-image":"","background-repeat":"repeat","background-position":"center center","background-size":"auto","background-attachment":"scroll","background-type":"","background-media":"","overlay-type":"","overlay-color":"","overlay-opacity":"","overlay-gradient":""},"mobile":{"background-color":"var(--ast-global-color-5)","background-image":"","background-repeat":"repeat","background-position":"center center","background-size":"auto","background-attachment":"scroll","background-type":"","background-media":"","overlay-type":"","overlay-color":"","overlay-opacity":"","overlay-gradient":""}}},"product_brand":[],"product_cat":[105,184,170,181],"product_tag":[],"class_list":{"0":"post-4608","1":"product","2":"type-product","3":"status-publish","4":"has-post-thumbnail","6":"product_cat-tous-les-bijoux","7":"product_cat-bijoux-personnalisables","8":"product_cat-boucles-d-oreilles","9":"product_cat-collection-feminite","10":"desktop-align-center","11":"tablet-align-center","12":"mobile-align-center","14":"first","15":"instock","16":"shipping-taxable","17":"purchasable","18":"product-type-variable"},"yoast_head":"<!-- This site is optimized with the Yoast SEO plugin v26.7 - https:\/\/yoast.com\/wordpress\/plugins\/seo\/ -->\n<title>Poitrine sur commande &#8211; MeggyZ<\/title>\n<meta name=\"description\" content=\"A vous de jouer ! Personnalisez vos boucles d&#039;oreilles 100% faites main pour vous et s\u00e9lectionn\u00e9es par vous - Sign\u00e9es MeggyZ\" \/>\n<meta name=\"robots\" content=\"index, follow, max-snippet:-1, max-image-preview:large, max-video-preview:-1\" \/>\n<link rel=\"canonical\" href=\"https:\/\/meggyz.com\/en\/product\/poitrine-personnalisable-collection-feminite\/\" \/>\n<meta property=\"og:locale\" content=\"en_US\" \/>\n<meta property=\"og:type\" content=\"article\" \/>\n<meta property=\"og:title\" content=\"Poitrine sur commande &#8211; MeggyZ\" \/>\n<meta property=\"og:description\" content=\"A vous de jouer ! Personnalisez vos boucles d&#039;oreilles 100% faites main pour vous et s\u00e9lectionn\u00e9es par vous - Sign\u00e9es MeggyZ\" \/>\n<meta property=\"og:url\" content=\"https:\/\/meggyz.com\/en\/product\/poitrine-personnalisable-collection-feminite\/\" \/>\n<meta property=\"og:site_name\" content=\"MeggyZ\" \/>\n<meta property=\"article:modified_time\" content=\"2024-09-04T10:38:39+00:00\" \/>\n<meta property=\"og:image\" content=\"https:\/\/meggyz.com\/wp-content\/uploads\/2021\/11\/3-3.png\" \/>\n\t<meta property=\"og:image:width\" content=\"2000\" \/>\n\t<meta property=\"og:image:height\" content=\"2000\" \/>\n\t<meta property=\"og:image:type\" content=\"image\/png\" \/>\n<meta name=\"twitter:card\" content=\"summary_large_image\" \/>\n<meta name=\"twitter:label1\" content=\"Est. reading time\" \/>\n\t<meta name=\"twitter:data1\" content=\"1 minute\" \/>\n<script type=\"application\/ld+json\" class=\"yoast-schema-graph\">{\"@context\":\"https:\/\/schema.org\",\"@graph\":[{\"@type\":\"WebPage\",\"@id\":\"https:\/\/meggyz.com\/produit\/poitrine-personnalisable-collection-feminite\/\",\"url\":\"https:\/\/meggyz.com\/produit\/poitrine-personnalisable-collection-feminite\/\",\"name\":\"Poitrine sur commande &#8211; MeggyZ\",\"isPartOf\":{\"@id\":\"https:\/\/meggyz.com\/#website\"},\"primaryImageOfPage\":{\"@id\":\"https:\/\/meggyz.com\/produit\/poitrine-personnalisable-collection-feminite\/#primaryimage\"},\"image\":{\"@id\":\"https:\/\/meggyz.com\/produit\/poitrine-personnalisable-collection-feminite\/#primaryimage\"},\"thumbnailUrl\":\"https:\/\/meggyz.com\/wp-content\/uploads\/2021\/11\/3-3.png\",\"datePublished\":\"2023-11-27T05:59:18+00:00\",\"dateModified\":\"2024-09-04T10:38:39+00:00\",\"description\":\"A vous de jouer ! Personnalisez vos boucles d'oreilles 100% faites main pour vous et s\u00e9lectionn\u00e9es par vous - Sign\u00e9es MeggyZ\",\"breadcrumb\":{\"@id\":\"https:\/\/meggyz.com\/produit\/poitrine-personnalisable-collection-feminite\/#breadcrumb\"},\"inLanguage\":\"en-US\",\"potentialAction\":[{\"@type\":\"ReadAction\",\"target\":[\"https:\/\/meggyz.com\/produit\/poitrine-personnalisable-collection-feminite\/\"]}]},{\"@type\":\"ImageObject\",\"inLanguage\":\"en-US\",\"@id\":\"https:\/\/meggyz.com\/produit\/poitrine-personnalisable-collection-feminite\/#primaryimage\",\"url\":\"https:\/\/meggyz.com\/wp-content\/uploads\/2021\/11\/3-3.png\",\"contentUrl\":\"https:\/\/meggyz.com\/wp-content\/uploads\/2021\/11\/3-3.png\",\"width\":2000,\"height\":2000},{\"@type\":\"BreadcrumbList\",\"@id\":\"https:\/\/meggyz.com\/produit\/poitrine-personnalisable-collection-feminite\/#breadcrumb\",\"itemListElement\":[{\"@type\":\"ListItem\",\"position\":1,\"name\":\"Accueil\",\"item\":\"https:\/\/meggyz.com\/\"},{\"@type\":\"ListItem\",\"position\":2,\"name\":\"Boutique\",\"item\":\"https:\/\/meggyz.com\/boutique\/\"},{\"@type\":\"ListItem\",\"position\":3,\"name\":\"Poitrine sur commande\"}]},{\"@type\":\"WebSite\",\"@id\":\"https:\/\/meggyz.com\/#website\",\"url\":\"https:\/\/meggyz.com\/\",\"name\":\"MeggyZ\",\"description\":\"\",\"potentialAction\":[{\"@type\":\"SearchAction\",\"target\":{\"@type\":\"EntryPoint\",\"urlTemplate\":\"https:\/\/meggyz.com\/?s={search_term_string}\"},\"query-input\":{\"@type\":\"PropertyValueSpecification\",\"valueRequired\":true,\"valueName\":\"search_term_string\"}}],\"inLanguage\":\"en-US\"}]}<\/script>\n<!-- \/ Yoast SEO plugin. -->","yoast_head_json":{"title":"Poitrine sur commande &#8211; MeggyZ","description":"A vous de jouer ! Personnalisez vos boucles d'oreilles 100% faites main pour vous et s\u00e9lectionn\u00e9es par vous - Sign\u00e9es MeggyZ","robots":{"index":"index","follow":"follow","max-snippet":"max-snippet:-1","max-image-preview":"max-image-preview:large","max-video-preview":"max-video-preview:-1"},"canonical":"https:\/\/meggyz.com\/en\/product\/poitrine-personnalisable-collection-feminite\/","og_locale":"en_US","og_type":"article","og_title":"Poitrine sur commande &#8211; MeggyZ","og_description":"A vous de jouer ! Personnalisez vos boucles d'oreilles 100% faites main pour vous et s\u00e9lectionn\u00e9es par vous - Sign\u00e9es MeggyZ","og_url":"https:\/\/meggyz.com\/en\/product\/poitrine-personnalisable-collection-feminite\/","og_site_name":"MeggyZ","article_modified_time":"2024-09-04T10:38:39+00:00","og_image":[{"width":2000,"height":2000,"url":"https:\/\/meggyz.com\/wp-content\/uploads\/2021\/11\/3-3.png","type":"image\/png"}],"twitter_card":"summary_large_image","twitter_misc":{"Est. reading time":"1 minute"},"schema":{"@context":"https:\/\/schema.org","@graph":[{"@type":"WebPage","@id":"https:\/\/meggyz.com\/produit\/poitrine-personnalisable-collection-feminite\/","url":"https:\/\/meggyz.com\/produit\/poitrine-personnalisable-collection-feminite\/","name":"Poitrine sur commande &#8211; MeggyZ","isPartOf":{"@id":"https:\/\/meggyz.com\/#website"},"primaryImageOfPage":{"@id":"https:\/\/meggyz.com\/produit\/poitrine-personnalisable-collection-feminite\/#primaryimage"},"image":{"@id":"https:\/\/meggyz.com\/produit\/poitrine-personnalisable-collection-feminite\/#primaryimage"},"thumbnailUrl":"https:\/\/meggyz.com\/wp-content\/uploads\/2021\/11\/3-3.png","datePublished":"2023-11-27T05:59:18+00:00","dateModified":"2024-09-04T10:38:39+00:00","description":"A vous de jouer ! Personnalisez vos boucles d'oreilles 100% faites main pour vous et s\u00e9lectionn\u00e9es par vous - Sign\u00e9es MeggyZ","breadcrumb":{"@id":"https:\/\/meggyz.com\/produit\/poitrine-personnalisable-collection-feminite\/#breadcrumb"},"inLanguage":"en-US","potentialAction":[{"@type":"ReadAction","target":["https:\/\/meggyz.com\/produit\/poitrine-personnalisable-collection-feminite\/"]}]},{"@type":"ImageObject","inLanguage":"en-US","@id":"https:\/\/meggyz.com\/produit\/poitrine-personnalisable-collection-feminite\/#primaryimage","url":"https:\/\/meggyz.com\/wp-content\/uploads\/2021\/11\/3-3.png","contentUrl":"https:\/\/meggyz.com\/wp-content\/uploads\/2021\/11\/3-3.png","width":2000,"height":2000},{"@type":"BreadcrumbList","@id":"https:\/\/meggyz.com\/produit\/poitrine-personnalisable-collection-feminite\/#breadcrumb","itemListElement":[{"@type":"ListItem","position":1,"name":"Accueil","item":"https:\/\/meggyz.com\/"},{"@type":"ListItem","position":2,"name":"Boutique","item":"https:\/\/meggyz.com\/boutique\/"},{"@type":"ListItem","position":3,"name":"Poitrine sur commande"}]},{"@type":"WebSite","@id":"https:\/\/meggyz.com\/#website","url":"https:\/\/meggyz.com\/","name":"MeggyZ","description":"","potentialAction":[{"@type":"SearchAction","target":{"@type":"EntryPoint","urlTemplate":"https:\/\/meggyz.com\/?s={search_term_string}"},"query-input":{"@type":"PropertyValueSpecification","valueRequired":true,"valueName":"search_term_string"}}],"inLanguage":"en-US"}]}},"_links":{"self":[{"href":"https:\/\/meggyz.com\/en\/wp-json\/wp\/v2\/product\/4608","targetHints":{"allow":["GET"]}}],"collection":[{"href":"https:\/\/meggyz.com\/en\/wp-json\/wp\/v2\/product"}],"about":[{"href":"https:\/\/meggyz.com\/en\/wp-json\/wp\/v2\/types\/product"}],"wp:featuredmedia":[{"embeddable":true,"href":"https:\/\/meggyz.com\/en\/wp-json\/wp\/v2\/media\/174744"}],"wp:attachment":[{"href":"https:\/\/meggyz.com\/en\/wp-json\/wp\/v2\/media?parent=4608"}],"wp:term":[{"taxonomy":"product_brand","embeddable":true,"href":"https:\/\/meggyz.com\/en\/wp-json\/wp\/v2\/product_brand?post=4608"},{"taxonomy":"product_cat","embeddable":true,"href":"https:\/\/meggyz.com\/en\/wp-json\/wp\/v2\/product_cat?post=4608"},{"taxonomy":"product_tag","embeddable":true,"href":"https:\/\/meggyz.com\/en\/wp-json\/wp\/v2\/product_tag?post=4608"}],"curies":[{"name":"wp","href":"https:\/\/api.w.org\/{rel}","templated":true}]}}