{"id":3989,"date":"2021-11-08T20:34:10","date_gmt":"2021-11-08T18:34:10","guid":{"rendered":"https:\/\/meggyz.com\/?post_type=product&#038;p=3989"},"modified":"2024-12-06T08:32:09","modified_gmt":"2024-12-06T06:32:09","slug":"sathyne","status":"publish","type":"product","link":"https:\/\/meggyz.com\/en\/product\/sathyne\/","title":{"rendered":"Sathyne"},"content":{"rendered":"<p>La Collection f\u00e9minit\u00e9 incarne l&rsquo;esprit Girl power avec audace et finesse, fusionnant l&rsquo;\u00e9l\u00e9gance et l&rsquo;affirmation de soi.<\/p>\n<p><em>Mat\u00e9riaux<\/em> :<\/p>\n<ul>\n<li>Crochets et embouts en Gold filled 14K<\/li>\n<li>Perles japonaises en verre<\/li>\n<\/ul>\n<p>Embouts offerts pour ne pas les perdre.<\/p>\n<p>Livraisons avec Colissimo sous 1 \u00e0 3 jours ouvrables.<\/p>","protected":false},"excerpt":{"rendered":"<p>Les boucles d&rsquo;oreilles Sathyne sont dessin\u00e9es et tiss\u00e9es \u00e0 la main dans mon atelier, chaque pi\u00e8ce est unique &#8211; Cr\u00e9ation originale, moderne et authentique sign\u00e9e MeggyZ.<\/p>","protected":false},"featured_media":45136,"template":"","meta":{"site-sidebar-layout":"default","site-content-layout":"","ast-site-content-layout":"default","site-content-style":"default","site-sidebar-style":"default","ast-global-header-display":"","ast-banner-title-visibility":"","ast-main-header-display":"","ast-hfb-above-header-display":"","ast-hfb-below-header-display":"","ast-hfb-mobile-header-display":"","site-post-title":"","ast-breadcrumbs-content":"","ast-featured-img":"","footer-sml-layout":"","ast-disable-related-posts":"","theme-transparent-header-meta":"default","adv-header-id-meta":"","stick-header-meta":"","header-above-stick-meta":"","header-main-stick-meta":"","header-below-stick-meta":"","astra-migrate-meta-layouts":"set","ast-page-background-enabled":"default","ast-page-background-meta":{"desktop":{"background-color":"var(--ast-global-color-4)","background-image":"","background-repeat":"repeat","background-position":"center center","background-size":"auto","background-attachment":"scroll","background-type":"","background-media":"","overlay-type":"","overlay-color":"","overlay-opacity":"","overlay-gradient":""},"tablet":{"background-color":"","background-image":"","background-repeat":"repeat","background-position":"center center","background-size":"auto","background-attachment":"scroll","background-type":"","background-media":"","overlay-type":"","overlay-color":"","overlay-opacity":"","overlay-gradient":""},"mobile":{"background-color":"","background-image":"","background-repeat":"repeat","background-position":"center center","background-size":"auto","background-attachment":"scroll","background-type":"","background-media":"","overlay-type":"","overlay-color":"","overlay-opacity":"","overlay-gradient":""}},"ast-content-background-meta":{"desktop":{"background-color":"var(--ast-global-color-5)","background-image":"","background-repeat":"repeat","background-position":"center center","background-size":"auto","background-attachment":"scroll","background-type":"","background-media":"","overlay-type":"","overlay-color":"","overlay-opacity":"","overlay-gradient":""},"tablet":{"background-color":"var(--ast-global-color-5)","background-image":"","background-repeat":"repeat","background-position":"center center","background-size":"auto","background-attachment":"scroll","background-type":"","background-media":"","overlay-type":"","overlay-color":"","overlay-opacity":"","overlay-gradient":""},"mobile":{"background-color":"var(--ast-global-color-5)","background-image":"","background-repeat":"repeat","background-position":"center center","background-size":"auto","background-attachment":"scroll","background-type":"","background-media":"","overlay-type":"","overlay-color":"","overlay-opacity":"","overlay-gradient":""}}},"product_brand":[],"product_cat":[105,170,181,259],"product_tag":[],"class_list":{"0":"post-3989","1":"product","2":"type-product","3":"status-publish","4":"has-post-thumbnail","6":"product_cat-tous-les-bijoux","7":"product_cat-boucles-d-oreilles","8":"product_cat-collection-feminite","9":"product_cat-promotion","10":"desktop-align-center","11":"tablet-align-center","12":"mobile-align-center","14":"first","15":"instock","16":"shipping-taxable","17":"purchasable","18":"product-type-simple"},"yoast_head":"<!-- This site is optimized with the Yoast SEO plugin v26.7 - https:\/\/yoast.com\/wordpress\/plugins\/seo\/ -->\n<title>Sathyne &#8211; MeggyZ<\/title>\n<meta name=\"description\" content=\"100% faites main en perles japonaises sign\u00e9es MeggyZ. Vous \u00eates plut\u00f4t chic ou d\u00e9contract\u00e9e ? Les boucles d&#039;oreilles Sathyne habillent tous vos looks.\" \/>\n<meta name=\"robots\" content=\"index, follow, max-snippet:-1, max-image-preview:large, max-video-preview:-1\" \/>\n<link rel=\"canonical\" href=\"https:\/\/meggyz.com\/en\/product\/sathyne\/\" \/>\n<meta property=\"og:locale\" content=\"en_US\" \/>\n<meta property=\"og:type\" content=\"article\" \/>\n<meta property=\"og:title\" content=\"Sathyne &#8211; MeggyZ\" \/>\n<meta property=\"og:description\" content=\"100% faites main en perles japonaises sign\u00e9es MeggyZ. Vous \u00eates plut\u00f4t chic ou d\u00e9contract\u00e9e ? Les boucles d&#039;oreilles Sathyne habillent tous vos looks.\" \/>\n<meta property=\"og:url\" content=\"https:\/\/meggyz.com\/en\/product\/sathyne\/\" \/>\n<meta property=\"og:site_name\" content=\"MeggyZ\" \/>\n<meta property=\"article:modified_time\" content=\"2024-12-06T06:32:09+00:00\" \/>\n<meta property=\"og:image\" content=\"https:\/\/meggyz.com\/wp-content\/uploads\/2021\/11\/37.png\" \/>\n\t<meta property=\"og:image:width\" content=\"1000\" \/>\n\t<meta property=\"og:image:height\" content=\"1000\" \/>\n\t<meta property=\"og:image:type\" content=\"image\/png\" \/>\n<meta name=\"twitter:card\" content=\"summary_large_image\" \/>\n<meta name=\"twitter:label1\" content=\"Est. reading time\" \/>\n\t<meta name=\"twitter:data1\" content=\"1 minute\" \/>\n<script type=\"application\/ld+json\" class=\"yoast-schema-graph\">{\"@context\":\"https:\/\/schema.org\",\"@graph\":[{\"@type\":\"WebPage\",\"@id\":\"https:\/\/meggyz.com\/produit\/sathyne\/\",\"url\":\"https:\/\/meggyz.com\/produit\/sathyne\/\",\"name\":\"Sathyne &#8211; MeggyZ\",\"isPartOf\":{\"@id\":\"https:\/\/meggyz.com\/#website\"},\"primaryImageOfPage\":{\"@id\":\"https:\/\/meggyz.com\/produit\/sathyne\/#primaryimage\"},\"image\":{\"@id\":\"https:\/\/meggyz.com\/produit\/sathyne\/#primaryimage\"},\"thumbnailUrl\":\"https:\/\/meggyz.com\/wp-content\/uploads\/2021\/11\/37.png\",\"datePublished\":\"2021-11-08T18:34:10+00:00\",\"dateModified\":\"2024-12-06T06:32:09+00:00\",\"description\":\"100% faites main en perles japonaises sign\u00e9es MeggyZ. Vous \u00eates plut\u00f4t chic ou d\u00e9contract\u00e9e ? Les boucles d'oreilles Sathyne habillent tous vos looks.\",\"breadcrumb\":{\"@id\":\"https:\/\/meggyz.com\/produit\/sathyne\/#breadcrumb\"},\"inLanguage\":\"en-US\",\"potentialAction\":[{\"@type\":\"ReadAction\",\"target\":[\"https:\/\/meggyz.com\/produit\/sathyne\/\"]}]},{\"@type\":\"ImageObject\",\"inLanguage\":\"en-US\",\"@id\":\"https:\/\/meggyz.com\/produit\/sathyne\/#primaryimage\",\"url\":\"https:\/\/meggyz.com\/wp-content\/uploads\/2021\/11\/37.png\",\"contentUrl\":\"https:\/\/meggyz.com\/wp-content\/uploads\/2021\/11\/37.png\",\"width\":1000,\"height\":1000},{\"@type\":\"BreadcrumbList\",\"@id\":\"https:\/\/meggyz.com\/produit\/sathyne\/#breadcrumb\",\"itemListElement\":[{\"@type\":\"ListItem\",\"position\":1,\"name\":\"Accueil\",\"item\":\"https:\/\/meggyz.com\/\"},{\"@type\":\"ListItem\",\"position\":2,\"name\":\"Boutique\",\"item\":\"https:\/\/meggyz.com\/boutique\/\"},{\"@type\":\"ListItem\",\"position\":3,\"name\":\"Sathyne\"}]},{\"@type\":\"WebSite\",\"@id\":\"https:\/\/meggyz.com\/#website\",\"url\":\"https:\/\/meggyz.com\/\",\"name\":\"MeggyZ\",\"description\":\"\",\"potentialAction\":[{\"@type\":\"SearchAction\",\"target\":{\"@type\":\"EntryPoint\",\"urlTemplate\":\"https:\/\/meggyz.com\/?s={search_term_string}\"},\"query-input\":{\"@type\":\"PropertyValueSpecification\",\"valueRequired\":true,\"valueName\":\"search_term_string\"}}],\"inLanguage\":\"en-US\"}]}<\/script>\n<!-- \/ Yoast SEO plugin. -->","yoast_head_json":{"title":"Sathyne &#8211; MeggyZ","description":"100% faites main en perles japonaises sign\u00e9es MeggyZ. Vous \u00eates plut\u00f4t chic ou d\u00e9contract\u00e9e ? Les boucles d'oreilles Sathyne habillent tous vos looks.","robots":{"index":"index","follow":"follow","max-snippet":"max-snippet:-1","max-image-preview":"max-image-preview:large","max-video-preview":"max-video-preview:-1"},"canonical":"https:\/\/meggyz.com\/en\/product\/sathyne\/","og_locale":"en_US","og_type":"article","og_title":"Sathyne &#8211; MeggyZ","og_description":"100% faites main en perles japonaises sign\u00e9es MeggyZ. Vous \u00eates plut\u00f4t chic ou d\u00e9contract\u00e9e ? Les boucles d'oreilles Sathyne habillent tous vos looks.","og_url":"https:\/\/meggyz.com\/en\/product\/sathyne\/","og_site_name":"MeggyZ","article_modified_time":"2024-12-06T06:32:09+00:00","og_image":[{"url":"https:\/\/meggyz.com\/wp-content\/uploads\/2021\/11\/37.png","width":1000,"height":1000,"type":"image\/png"}],"twitter_card":"summary_large_image","twitter_misc":{"Est. reading time":"1 minute"},"schema":{"@context":"https:\/\/schema.org","@graph":[{"@type":"WebPage","@id":"https:\/\/meggyz.com\/produit\/sathyne\/","url":"https:\/\/meggyz.com\/produit\/sathyne\/","name":"Sathyne &#8211; MeggyZ","isPartOf":{"@id":"https:\/\/meggyz.com\/#website"},"primaryImageOfPage":{"@id":"https:\/\/meggyz.com\/produit\/sathyne\/#primaryimage"},"image":{"@id":"https:\/\/meggyz.com\/produit\/sathyne\/#primaryimage"},"thumbnailUrl":"https:\/\/meggyz.com\/wp-content\/uploads\/2021\/11\/37.png","datePublished":"2021-11-08T18:34:10+00:00","dateModified":"2024-12-06T06:32:09+00:00","description":"100% faites main en perles japonaises sign\u00e9es MeggyZ. Vous \u00eates plut\u00f4t chic ou d\u00e9contract\u00e9e ? Les boucles d'oreilles Sathyne habillent tous vos looks.","breadcrumb":{"@id":"https:\/\/meggyz.com\/produit\/sathyne\/#breadcrumb"},"inLanguage":"en-US","potentialAction":[{"@type":"ReadAction","target":["https:\/\/meggyz.com\/produit\/sathyne\/"]}]},{"@type":"ImageObject","inLanguage":"en-US","@id":"https:\/\/meggyz.com\/produit\/sathyne\/#primaryimage","url":"https:\/\/meggyz.com\/wp-content\/uploads\/2021\/11\/37.png","contentUrl":"https:\/\/meggyz.com\/wp-content\/uploads\/2021\/11\/37.png","width":1000,"height":1000},{"@type":"BreadcrumbList","@id":"https:\/\/meggyz.com\/produit\/sathyne\/#breadcrumb","itemListElement":[{"@type":"ListItem","position":1,"name":"Accueil","item":"https:\/\/meggyz.com\/"},{"@type":"ListItem","position":2,"name":"Boutique","item":"https:\/\/meggyz.com\/boutique\/"},{"@type":"ListItem","position":3,"name":"Sathyne"}]},{"@type":"WebSite","@id":"https:\/\/meggyz.com\/#website","url":"https:\/\/meggyz.com\/","name":"MeggyZ","description":"","potentialAction":[{"@type":"SearchAction","target":{"@type":"EntryPoint","urlTemplate":"https:\/\/meggyz.com\/?s={search_term_string}"},"query-input":{"@type":"PropertyValueSpecification","valueRequired":true,"valueName":"search_term_string"}}],"inLanguage":"en-US"}]}},"_links":{"self":[{"href":"https:\/\/meggyz.com\/en\/wp-json\/wp\/v2\/product\/3989","targetHints":{"allow":["GET"]}}],"collection":[{"href":"https:\/\/meggyz.com\/en\/wp-json\/wp\/v2\/product"}],"about":[{"href":"https:\/\/meggyz.com\/en\/wp-json\/wp\/v2\/types\/product"}],"wp:featuredmedia":[{"embeddable":true,"href":"https:\/\/meggyz.com\/en\/wp-json\/wp\/v2\/media\/45136"}],"wp:attachment":[{"href":"https:\/\/meggyz.com\/en\/wp-json\/wp\/v2\/media?parent=3989"}],"wp:term":[{"taxonomy":"product_brand","embeddable":true,"href":"https:\/\/meggyz.com\/en\/wp-json\/wp\/v2\/product_brand?post=3989"},{"taxonomy":"product_cat","embeddable":true,"href":"https:\/\/meggyz.com\/en\/wp-json\/wp\/v2\/product_cat?post=3989"},{"taxonomy":"product_tag","embeddable":true,"href":"https:\/\/meggyz.com\/en\/wp-json\/wp\/v2\/product_tag?post=3989"}],"curies":[{"name":"wp","href":"https:\/\/api.w.org\/{rel}","templated":true}]}}