{"id":175600,"date":"2025-02-07T09:37:32","date_gmt":"2025-02-07T07:37:32","guid":{"rendered":"https:\/\/meggyz.com\/?post_type=product&#038;p=175600"},"modified":"2025-02-07T09:40:10","modified_gmt":"2025-02-07T07:40:10","slug":"soliflore-iris-sauvage","status":"publish","type":"product","link":"https:\/\/meggyz.com\/en\/product\/soliflore-iris-sauvage\/","title":{"rendered":"Soliflore Iris sauvage"},"content":{"rendered":"<h3>Caract\u00e9ristiques :<\/h3>\n<ul>\n<li><strong>Mat\u00e9riau :<\/strong> Perles en acrylique, tube \u00e0 essai en verre.<\/li>\n<li><strong>Couleur :<\/strong> Vert \u00e9meraude et violet.<\/li>\n<li><strong>Dimensions :<\/strong> Taille id\u00e9ale pour vos petites compositions florales ou pour orner une \u00e9tag\u00e8re, une table de chevet, ou une console.<\/li>\n<li><strong>Pi\u00e8ce Unique :<\/strong> Chaque vase est cr\u00e9\u00e9 avec soin faisant de chaque exemplaire une pi\u00e8ce unique.<\/li>\n<\/ul>\n<h3>Pourquoi on l\u2019adore :<\/h3>\n<p>Ce petit vase color\u00e9 est id\u00e9al pour les amoureux de design qui cherchent \u00e0 personnaliser leur int\u00e9rieur avec des objets uniques et faits main. Ce vase en perles est bien plus qu&rsquo;un simple contenant pour vos fleurs. Avec ses perles vertes scintillantes et sa forme \u00e9l\u00e9gante il capte la lumi\u00e8re et ajoute une note original \u00e0 votre d\u00e9co. Parfait pour les amateurs de d\u00e9coration qui recherchent des pi\u00e8ces authentiques et originales. Il se marie aussi bien avec des int\u00e9rieurs contemporains que vintage.<\/p>\n<p>Id\u00e9al pour des fleurs fra\u00eeches, des tiges s\u00e8ches ou des boutures de plantes, ce vase est la touche finale qui manque \u00e0 votre d\u00e9co. Taille id\u00e9ale pour vos petites compositions florales ou pour orner une \u00e9tag\u00e8re, une table de chevet, ou une console.<\/p>\n<p><strong>Ajoutez une touche de po\u00e9sie \u00e0 votre int\u00e9rieur avec le soliflore en perles Iris sauvage.<\/strong><\/p>","protected":false},"excerpt":{"rendered":"<p>Transformez votre int\u00e9rieur en une oasis de douceur et de couleurs avec ce vase en perles fait main. Le soliflore Iris sauvage est une v\u00e9ritable pi\u00e8ce d&rsquo;art qui ajoute une touche de charme color\u00e9 \u00e0 tout espace.<\/p>","protected":false},"featured_media":175591,"template":"","meta":{"site-sidebar-layout":"default","site-content-layout":"","ast-site-content-layout":"default","site-content-style":"default","site-sidebar-style":"default","ast-global-header-display":"","ast-banner-title-visibility":"","ast-main-header-display":"","ast-hfb-above-header-display":"","ast-hfb-below-header-display":"","ast-hfb-mobile-header-display":"","site-post-title":"","ast-breadcrumbs-content":"","ast-featured-img":"","footer-sml-layout":"","ast-disable-related-posts":"","theme-transparent-header-meta":"default","adv-header-id-meta":"","stick-header-meta":"","header-above-stick-meta":"","header-main-stick-meta":"","header-below-stick-meta":"","astra-migrate-meta-layouts":"set","ast-page-background-enabled":"default","ast-page-background-meta":{"desktop":{"background-color":"var(--ast-global-color-4)","background-image":"","background-repeat":"repeat","background-position":"center center","background-size":"auto","background-attachment":"scroll","background-type":"","background-media":"","overlay-type":"","overlay-color":"","overlay-opacity":"","overlay-gradient":""},"tablet":{"background-color":"","background-image":"","background-repeat":"repeat","background-position":"center center","background-size":"auto","background-attachment":"scroll","background-type":"","background-media":"","overlay-type":"","overlay-color":"","overlay-opacity":"","overlay-gradient":""},"mobile":{"background-color":"","background-image":"","background-repeat":"repeat","background-position":"center center","background-size":"auto","background-attachment":"scroll","background-type":"","background-media":"","overlay-type":"","overlay-color":"","overlay-opacity":"","overlay-gradient":""}},"ast-content-background-meta":{"desktop":{"background-color":"var(--ast-global-color-5)","background-image":"","background-repeat":"repeat","background-position":"center center","background-size":"auto","background-attachment":"scroll","background-type":"","background-media":"","overlay-type":"","overlay-color":"","overlay-opacity":"","overlay-gradient":""},"tablet":{"background-color":"var(--ast-global-color-5)","background-image":"","background-repeat":"repeat","background-position":"center center","background-size":"auto","background-attachment":"scroll","background-type":"","background-media":"","overlay-type":"","overlay-color":"","overlay-opacity":"","overlay-gradient":""},"mobile":{"background-color":"var(--ast-global-color-5)","background-image":"","background-repeat":"repeat","background-position":"center center","background-size":"auto","background-attachment":"scroll","background-type":"","background-media":"","overlay-type":"","overlay-color":"","overlay-opacity":"","overlay-gradient":""}}},"product_brand":[],"product_cat":[105,258],"product_tag":[],"class_list":{"0":"post-175600","1":"product","2":"type-product","3":"status-publish","4":"has-post-thumbnail","6":"product_cat-tous-les-bijoux","7":"product_cat-decoration","8":"desktop-align-center","9":"tablet-align-center","10":"mobile-align-center","12":"first","13":"instock","14":"shipping-taxable","15":"purchasable","16":"product-type-simple"},"yoast_head":"<!-- This site is optimized with the Yoast SEO plugin v26.7 - https:\/\/yoast.com\/wordpress\/plugins\/seo\/ -->\n<title>Soliflore Iris sauvage &#8211; MeggyZ<\/title>\n<meta name=\"description\" content=\"Transformez votre int\u00e9rieur en une oasis de douceur et de couleurs avec ce vase en perles fait main qui ajoute une touche de charme color\u00e9 \u00e0 votre espace.\" \/>\n<meta name=\"robots\" content=\"index, follow, max-snippet:-1, max-image-preview:large, max-video-preview:-1\" \/>\n<link rel=\"canonical\" href=\"https:\/\/meggyz.com\/en\/product\/soliflore-iris-sauvage\/\" \/>\n<meta property=\"og:locale\" content=\"en_US\" \/>\n<meta property=\"og:type\" content=\"article\" \/>\n<meta property=\"og:title\" content=\"Soliflore Iris sauvage &#8211; MeggyZ\" \/>\n<meta property=\"og:description\" content=\"Transformez votre int\u00e9rieur en une oasis de douceur et de couleurs avec ce vase en perles fait main qui ajoute une touche de charme color\u00e9 \u00e0 votre espace.\" \/>\n<meta property=\"og:url\" content=\"https:\/\/meggyz.com\/en\/product\/soliflore-iris-sauvage\/\" \/>\n<meta property=\"og:site_name\" content=\"MeggyZ\" \/>\n<meta property=\"article:modified_time\" content=\"2025-02-07T07:40:10+00:00\" \/>\n<meta property=\"og:image\" content=\"https:\/\/meggyz.com\/wp-content\/uploads\/2025\/02\/Soliflore-MeggyZ-vert-et-violet-en-perles-2-scaled.jpg\" \/>\n\t<meta property=\"og:image:width\" content=\"2560\" \/>\n\t<meta property=\"og:image:height\" content=\"2048\" \/>\n\t<meta property=\"og:image:type\" content=\"image\/jpeg\" \/>\n<meta name=\"twitter:card\" content=\"summary_large_image\" \/>\n<meta name=\"twitter:label1\" content=\"Est. reading time\" \/>\n\t<meta name=\"twitter:data1\" content=\"2 minutes\" \/>\n<script type=\"application\/ld+json\" class=\"yoast-schema-graph\">{\"@context\":\"https:\/\/schema.org\",\"@graph\":[{\"@type\":\"WebPage\",\"@id\":\"https:\/\/meggyz.com\/produit\/soliflore-iris-sauvage\/\",\"url\":\"https:\/\/meggyz.com\/produit\/soliflore-iris-sauvage\/\",\"name\":\"Soliflore Iris sauvage &#8211; MeggyZ\",\"isPartOf\":{\"@id\":\"https:\/\/meggyz.com\/#website\"},\"primaryImageOfPage\":{\"@id\":\"https:\/\/meggyz.com\/produit\/soliflore-iris-sauvage\/#primaryimage\"},\"image\":{\"@id\":\"https:\/\/meggyz.com\/produit\/soliflore-iris-sauvage\/#primaryimage\"},\"thumbnailUrl\":\"https:\/\/meggyz.com\/wp-content\/uploads\/2025\/02\/Soliflore-MeggyZ-vert-et-violet-en-perles-2-scaled.jpg\",\"datePublished\":\"2025-02-07T07:37:32+00:00\",\"dateModified\":\"2025-02-07T07:40:10+00:00\",\"description\":\"Transformez votre int\u00e9rieur en une oasis de douceur et de couleurs avec ce vase en perles fait main qui ajoute une touche de charme color\u00e9 \u00e0 votre espace.\",\"breadcrumb\":{\"@id\":\"https:\/\/meggyz.com\/produit\/soliflore-iris-sauvage\/#breadcrumb\"},\"inLanguage\":\"en-US\",\"potentialAction\":[{\"@type\":\"ReadAction\",\"target\":[\"https:\/\/meggyz.com\/produit\/soliflore-iris-sauvage\/\"]}]},{\"@type\":\"ImageObject\",\"inLanguage\":\"en-US\",\"@id\":\"https:\/\/meggyz.com\/produit\/soliflore-iris-sauvage\/#primaryimage\",\"url\":\"https:\/\/meggyz.com\/wp-content\/uploads\/2025\/02\/Soliflore-MeggyZ-vert-et-violet-en-perles-2-scaled.jpg\",\"contentUrl\":\"https:\/\/meggyz.com\/wp-content\/uploads\/2025\/02\/Soliflore-MeggyZ-vert-et-violet-en-perles-2-scaled.jpg\",\"width\":2560,\"height\":2048},{\"@type\":\"BreadcrumbList\",\"@id\":\"https:\/\/meggyz.com\/produit\/soliflore-iris-sauvage\/#breadcrumb\",\"itemListElement\":[{\"@type\":\"ListItem\",\"position\":1,\"name\":\"Accueil\",\"item\":\"https:\/\/meggyz.com\/\"},{\"@type\":\"ListItem\",\"position\":2,\"name\":\"Boutique\",\"item\":\"https:\/\/meggyz.com\/boutique\/\"},{\"@type\":\"ListItem\",\"position\":3,\"name\":\"Soliflore Iris sauvage\"}]},{\"@type\":\"WebSite\",\"@id\":\"https:\/\/meggyz.com\/#website\",\"url\":\"https:\/\/meggyz.com\/\",\"name\":\"MeggyZ\",\"description\":\"\",\"potentialAction\":[{\"@type\":\"SearchAction\",\"target\":{\"@type\":\"EntryPoint\",\"urlTemplate\":\"https:\/\/meggyz.com\/?s={search_term_string}\"},\"query-input\":{\"@type\":\"PropertyValueSpecification\",\"valueRequired\":true,\"valueName\":\"search_term_string\"}}],\"inLanguage\":\"en-US\"}]}<\/script>\n<!-- \/ Yoast SEO plugin. -->","yoast_head_json":{"title":"Soliflore Iris sauvage &#8211; MeggyZ","description":"Transformez votre int\u00e9rieur en une oasis de douceur et de couleurs avec ce vase en perles fait main qui ajoute une touche de charme color\u00e9 \u00e0 votre espace.","robots":{"index":"index","follow":"follow","max-snippet":"max-snippet:-1","max-image-preview":"max-image-preview:large","max-video-preview":"max-video-preview:-1"},"canonical":"https:\/\/meggyz.com\/en\/product\/soliflore-iris-sauvage\/","og_locale":"en_US","og_type":"article","og_title":"Soliflore Iris sauvage &#8211; MeggyZ","og_description":"Transformez votre int\u00e9rieur en une oasis de douceur et de couleurs avec ce vase en perles fait main qui ajoute une touche de charme color\u00e9 \u00e0 votre espace.","og_url":"https:\/\/meggyz.com\/en\/product\/soliflore-iris-sauvage\/","og_site_name":"MeggyZ","article_modified_time":"2025-02-07T07:40:10+00:00","og_image":[{"width":2560,"height":2048,"url":"https:\/\/meggyz.com\/wp-content\/uploads\/2025\/02\/Soliflore-MeggyZ-vert-et-violet-en-perles-2-scaled.jpg","type":"image\/jpeg"}],"twitter_card":"summary_large_image","twitter_misc":{"Est. reading time":"2 minutes"},"schema":{"@context":"https:\/\/schema.org","@graph":[{"@type":"WebPage","@id":"https:\/\/meggyz.com\/produit\/soliflore-iris-sauvage\/","url":"https:\/\/meggyz.com\/produit\/soliflore-iris-sauvage\/","name":"Soliflore Iris sauvage &#8211; MeggyZ","isPartOf":{"@id":"https:\/\/meggyz.com\/#website"},"primaryImageOfPage":{"@id":"https:\/\/meggyz.com\/produit\/soliflore-iris-sauvage\/#primaryimage"},"image":{"@id":"https:\/\/meggyz.com\/produit\/soliflore-iris-sauvage\/#primaryimage"},"thumbnailUrl":"https:\/\/meggyz.com\/wp-content\/uploads\/2025\/02\/Soliflore-MeggyZ-vert-et-violet-en-perles-2-scaled.jpg","datePublished":"2025-02-07T07:37:32+00:00","dateModified":"2025-02-07T07:40:10+00:00","description":"Transformez votre int\u00e9rieur en une oasis de douceur et de couleurs avec ce vase en perles fait main qui ajoute une touche de charme color\u00e9 \u00e0 votre espace.","breadcrumb":{"@id":"https:\/\/meggyz.com\/produit\/soliflore-iris-sauvage\/#breadcrumb"},"inLanguage":"en-US","potentialAction":[{"@type":"ReadAction","target":["https:\/\/meggyz.com\/produit\/soliflore-iris-sauvage\/"]}]},{"@type":"ImageObject","inLanguage":"en-US","@id":"https:\/\/meggyz.com\/produit\/soliflore-iris-sauvage\/#primaryimage","url":"https:\/\/meggyz.com\/wp-content\/uploads\/2025\/02\/Soliflore-MeggyZ-vert-et-violet-en-perles-2-scaled.jpg","contentUrl":"https:\/\/meggyz.com\/wp-content\/uploads\/2025\/02\/Soliflore-MeggyZ-vert-et-violet-en-perles-2-scaled.jpg","width":2560,"height":2048},{"@type":"BreadcrumbList","@id":"https:\/\/meggyz.com\/produit\/soliflore-iris-sauvage\/#breadcrumb","itemListElement":[{"@type":"ListItem","position":1,"name":"Accueil","item":"https:\/\/meggyz.com\/"},{"@type":"ListItem","position":2,"name":"Boutique","item":"https:\/\/meggyz.com\/boutique\/"},{"@type":"ListItem","position":3,"name":"Soliflore Iris sauvage"}]},{"@type":"WebSite","@id":"https:\/\/meggyz.com\/#website","url":"https:\/\/meggyz.com\/","name":"MeggyZ","description":"","potentialAction":[{"@type":"SearchAction","target":{"@type":"EntryPoint","urlTemplate":"https:\/\/meggyz.com\/?s={search_term_string}"},"query-input":{"@type":"PropertyValueSpecification","valueRequired":true,"valueName":"search_term_string"}}],"inLanguage":"en-US"}]}},"_links":{"self":[{"href":"https:\/\/meggyz.com\/en\/wp-json\/wp\/v2\/product\/175600","targetHints":{"allow":["GET"]}}],"collection":[{"href":"https:\/\/meggyz.com\/en\/wp-json\/wp\/v2\/product"}],"about":[{"href":"https:\/\/meggyz.com\/en\/wp-json\/wp\/v2\/types\/product"}],"wp:featuredmedia":[{"embeddable":true,"href":"https:\/\/meggyz.com\/en\/wp-json\/wp\/v2\/media\/175591"}],"wp:attachment":[{"href":"https:\/\/meggyz.com\/en\/wp-json\/wp\/v2\/media?parent=175600"}],"wp:term":[{"taxonomy":"product_brand","embeddable":true,"href":"https:\/\/meggyz.com\/en\/wp-json\/wp\/v2\/product_brand?post=175600"},{"taxonomy":"product_cat","embeddable":true,"href":"https:\/\/meggyz.com\/en\/wp-json\/wp\/v2\/product_cat?post=175600"},{"taxonomy":"product_tag","embeddable":true,"href":"https:\/\/meggyz.com\/en\/wp-json\/wp\/v2\/product_tag?post=175600"}],"curies":[{"name":"wp","href":"https:\/\/api.w.org\/{rel}","templated":true}]}}