{"id":174971,"date":"2024-09-02T19:48:29","date_gmt":"2024-09-02T17:48:29","guid":{"rendered":"https:\/\/meggyz.com\/?post_type=product&#038;p=174971"},"modified":"2024-09-03T16:41:00","modified_gmt":"2024-09-03T14:41:00","slug":"miss-lolita","status":"publish","type":"product","link":"https:\/\/meggyz.com\/en\/product\/miss-lolita\/","title":{"rendered":"Miss Lolita"},"content":{"rendered":"<p>Ce joli sac Miss Lolita fait \u00e0 la main est l&rsquo;accessoire id\u00e9al pour une occasion sp\u00e9ciale. Il se distingue par son design vintage unique. Le sac Miss Lolita est le choix parfait pour illuminer votre look avec une touche de couleur et d&rsquo;\u00e9l\u00e9gance.<\/p>\n<p><strong>Caract\u00e9ristiques :<\/strong><\/p>\n<ul>\n<li>Fait \u00e0 la main<\/li>\n<li>Perles en acrylique de couleur rose, fushia et violet<\/li>\n<li>Fermeture aimant\u00e9e<\/li>\n<li>Taille sans la anse: Hauteur : 12,5 cm \/ Longueur : 15,4 cm \/ Largeur : 7,5 cm<\/li>\n<li>Taille avec la anse : 18,5 cm de hauteur<\/li>\n<li>Poids : 520 g<\/li>\n<li>Exp\u00e9di\u00e9 dans une housse de protection noir<\/li>\n<\/ul>\n<p>Livraison offerte en France m\u00e9tropolitaine, exp\u00e9dition sous 1 \u00e0 3 jours ouvrables avec Colissimo<\/p>","protected":false},"excerpt":{"rendered":"<p>Sac \u00e0 main en perles Miss Lolita fait \u00e0 la main by MeggyZ &#8211; Design vintage unique<\/p>","protected":false},"featured_media":175001,"template":"","meta":{"site-sidebar-layout":"default","site-content-layout":"","ast-site-content-layout":"default","site-content-style":"default","site-sidebar-style":"default","ast-global-header-display":"","ast-banner-title-visibility":"","ast-main-header-display":"","ast-hfb-above-header-display":"","ast-hfb-below-header-display":"","ast-hfb-mobile-header-display":"","site-post-title":"","ast-breadcrumbs-content":"","ast-featured-img":"","footer-sml-layout":"","ast-disable-related-posts":"","theme-transparent-header-meta":"default","adv-header-id-meta":"","stick-header-meta":"","header-above-stick-meta":"","header-main-stick-meta":"","header-below-stick-meta":"","astra-migrate-meta-layouts":"set","ast-page-background-enabled":"default","ast-page-background-meta":{"desktop":{"background-color":"var(--ast-global-color-4)","background-image":"","background-repeat":"repeat","background-position":"center center","background-size":"auto","background-attachment":"scroll","background-type":"","background-media":"","overlay-type":"","overlay-color":"","overlay-opacity":"","overlay-gradient":""},"tablet":{"background-color":"","background-image":"","background-repeat":"repeat","background-position":"center center","background-size":"auto","background-attachment":"scroll","background-type":"","background-media":"","overlay-type":"","overlay-color":"","overlay-opacity":"","overlay-gradient":""},"mobile":{"background-color":"","background-image":"","background-repeat":"repeat","background-position":"center center","background-size":"auto","background-attachment":"scroll","background-type":"","background-media":"","overlay-type":"","overlay-color":"","overlay-opacity":"","overlay-gradient":""}},"ast-content-background-meta":{"desktop":{"background-color":"var(--ast-global-color-5)","background-image":"","background-repeat":"repeat","background-position":"center center","background-size":"auto","background-attachment":"scroll","background-type":"","background-media":"","overlay-type":"","overlay-color":"","overlay-opacity":"","overlay-gradient":""},"tablet":{"background-color":"var(--ast-global-color-5)","background-image":"","background-repeat":"repeat","background-position":"center center","background-size":"auto","background-attachment":"scroll","background-type":"","background-media":"","overlay-type":"","overlay-color":"","overlay-opacity":"","overlay-gradient":""},"mobile":{"background-color":"var(--ast-global-color-5)","background-image":"","background-repeat":"repeat","background-position":"center center","background-size":"auto","background-attachment":"scroll","background-type":"","background-media":"","overlay-type":"","overlay-color":"","overlay-opacity":"","overlay-gradient":""}}},"product_brand":[],"product_cat":[105,245],"product_tag":[],"class_list":{"0":"post-174971","1":"product","2":"type-product","3":"status-publish","4":"has-post-thumbnail","6":"product_cat-tous-les-bijoux","7":"product_cat-sac-en-perles","8":"desktop-align-center","9":"tablet-align-center","10":"mobile-align-center","12":"first","13":"instock","14":"shipping-taxable","15":"purchasable","16":"product-type-simple"},"yoast_head":"<!-- This site is optimized with the Yoast SEO plugin v26.7 - https:\/\/yoast.com\/wordpress\/plugins\/seo\/ -->\n<title>Miss Lolita &#8211; MeggyZ<\/title>\n<meta name=\"description\" content=\"Ce jolie sac en perles Miss Lolita fait \u00e0 la main est l&#039;accessoire id\u00e9al pour une occasion sp\u00e9ciale. Perles en acrylique de couleur rose, fushia et violet.\" \/>\n<meta name=\"robots\" content=\"index, follow, max-snippet:-1, max-image-preview:large, max-video-preview:-1\" \/>\n<link rel=\"canonical\" href=\"https:\/\/meggyz.com\/en\/product\/miss-lolita\/\" \/>\n<meta property=\"og:locale\" content=\"en_US\" \/>\n<meta property=\"og:type\" content=\"article\" \/>\n<meta property=\"og:title\" content=\"Miss Lolita &#8211; MeggyZ\" \/>\n<meta property=\"og:description\" content=\"Ce jolie sac en perles Miss Lolita fait \u00e0 la main est l&#039;accessoire id\u00e9al pour une occasion sp\u00e9ciale. Perles en acrylique de couleur rose, fushia et violet.\" \/>\n<meta property=\"og:url\" content=\"https:\/\/meggyz.com\/en\/product\/miss-lolita\/\" \/>\n<meta property=\"og:site_name\" content=\"MeggyZ\" \/>\n<meta property=\"article:modified_time\" content=\"2024-09-03T14:41:00+00:00\" \/>\n<meta property=\"og:image\" content=\"https:\/\/meggyz.com\/wp-content\/uploads\/2024\/09\/Miss-Lolita-by-MeggyZ-3-scaled.jpg\" \/>\n\t<meta property=\"og:image:width\" content=\"2560\" \/>\n\t<meta property=\"og:image:height\" content=\"2048\" \/>\n\t<meta property=\"og:image:type\" content=\"image\/jpeg\" \/>\n<meta name=\"twitter:card\" content=\"summary_large_image\" \/>\n<meta name=\"twitter:label1\" content=\"Est. reading time\" \/>\n\t<meta name=\"twitter:data1\" content=\"1 minute\" \/>\n<script type=\"application\/ld+json\" class=\"yoast-schema-graph\">{\"@context\":\"https:\/\/schema.org\",\"@graph\":[{\"@type\":\"WebPage\",\"@id\":\"https:\/\/meggyz.com\/produit\/miss-lolita\/\",\"url\":\"https:\/\/meggyz.com\/produit\/miss-lolita\/\",\"name\":\"Miss Lolita &#8211; MeggyZ\",\"isPartOf\":{\"@id\":\"https:\/\/meggyz.com\/#website\"},\"primaryImageOfPage\":{\"@id\":\"https:\/\/meggyz.com\/produit\/miss-lolita\/#primaryimage\"},\"image\":{\"@id\":\"https:\/\/meggyz.com\/produit\/miss-lolita\/#primaryimage\"},\"thumbnailUrl\":\"https:\/\/meggyz.com\/wp-content\/uploads\/2024\/09\/Miss-Lolita-by-MeggyZ-3-scaled.jpg\",\"datePublished\":\"2024-09-02T17:48:29+00:00\",\"dateModified\":\"2024-09-03T14:41:00+00:00\",\"description\":\"Ce jolie sac en perles Miss Lolita fait \u00e0 la main est l'accessoire id\u00e9al pour une occasion sp\u00e9ciale. Perles en acrylique de couleur rose, fushia et violet.\",\"breadcrumb\":{\"@id\":\"https:\/\/meggyz.com\/produit\/miss-lolita\/#breadcrumb\"},\"inLanguage\":\"en-US\",\"potentialAction\":[{\"@type\":\"ReadAction\",\"target\":[\"https:\/\/meggyz.com\/produit\/miss-lolita\/\"]}]},{\"@type\":\"ImageObject\",\"inLanguage\":\"en-US\",\"@id\":\"https:\/\/meggyz.com\/produit\/miss-lolita\/#primaryimage\",\"url\":\"https:\/\/meggyz.com\/wp-content\/uploads\/2024\/09\/Miss-Lolita-by-MeggyZ-3-scaled.jpg\",\"contentUrl\":\"https:\/\/meggyz.com\/wp-content\/uploads\/2024\/09\/Miss-Lolita-by-MeggyZ-3-scaled.jpg\",\"width\":2560,\"height\":2048},{\"@type\":\"BreadcrumbList\",\"@id\":\"https:\/\/meggyz.com\/produit\/miss-lolita\/#breadcrumb\",\"itemListElement\":[{\"@type\":\"ListItem\",\"position\":1,\"name\":\"Accueil\",\"item\":\"https:\/\/meggyz.com\/\"},{\"@type\":\"ListItem\",\"position\":2,\"name\":\"Boutique\",\"item\":\"https:\/\/meggyz.com\/boutique\/\"},{\"@type\":\"ListItem\",\"position\":3,\"name\":\"Miss Lolita\"}]},{\"@type\":\"WebSite\",\"@id\":\"https:\/\/meggyz.com\/#website\",\"url\":\"https:\/\/meggyz.com\/\",\"name\":\"MeggyZ\",\"description\":\"\",\"potentialAction\":[{\"@type\":\"SearchAction\",\"target\":{\"@type\":\"EntryPoint\",\"urlTemplate\":\"https:\/\/meggyz.com\/?s={search_term_string}\"},\"query-input\":{\"@type\":\"PropertyValueSpecification\",\"valueRequired\":true,\"valueName\":\"search_term_string\"}}],\"inLanguage\":\"en-US\"}]}<\/script>\n<!-- \/ Yoast SEO plugin. -->","yoast_head_json":{"title":"Miss Lolita &#8211; MeggyZ","description":"Ce jolie sac en perles Miss Lolita fait \u00e0 la main est l'accessoire id\u00e9al pour une occasion sp\u00e9ciale. Perles en acrylique de couleur rose, fushia et violet.","robots":{"index":"index","follow":"follow","max-snippet":"max-snippet:-1","max-image-preview":"max-image-preview:large","max-video-preview":"max-video-preview:-1"},"canonical":"https:\/\/meggyz.com\/en\/product\/miss-lolita\/","og_locale":"en_US","og_type":"article","og_title":"Miss Lolita &#8211; MeggyZ","og_description":"Ce jolie sac en perles Miss Lolita fait \u00e0 la main est l'accessoire id\u00e9al pour une occasion sp\u00e9ciale. Perles en acrylique de couleur rose, fushia et violet.","og_url":"https:\/\/meggyz.com\/en\/product\/miss-lolita\/","og_site_name":"MeggyZ","article_modified_time":"2024-09-03T14:41:00+00:00","og_image":[{"width":2560,"height":2048,"url":"https:\/\/meggyz.com\/wp-content\/uploads\/2024\/09\/Miss-Lolita-by-MeggyZ-3-scaled.jpg","type":"image\/jpeg"}],"twitter_card":"summary_large_image","twitter_misc":{"Est. reading time":"1 minute"},"schema":{"@context":"https:\/\/schema.org","@graph":[{"@type":"WebPage","@id":"https:\/\/meggyz.com\/produit\/miss-lolita\/","url":"https:\/\/meggyz.com\/produit\/miss-lolita\/","name":"Miss Lolita &#8211; MeggyZ","isPartOf":{"@id":"https:\/\/meggyz.com\/#website"},"primaryImageOfPage":{"@id":"https:\/\/meggyz.com\/produit\/miss-lolita\/#primaryimage"},"image":{"@id":"https:\/\/meggyz.com\/produit\/miss-lolita\/#primaryimage"},"thumbnailUrl":"https:\/\/meggyz.com\/wp-content\/uploads\/2024\/09\/Miss-Lolita-by-MeggyZ-3-scaled.jpg","datePublished":"2024-09-02T17:48:29+00:00","dateModified":"2024-09-03T14:41:00+00:00","description":"Ce jolie sac en perles Miss Lolita fait \u00e0 la main est l'accessoire id\u00e9al pour une occasion sp\u00e9ciale. Perles en acrylique de couleur rose, fushia et violet.","breadcrumb":{"@id":"https:\/\/meggyz.com\/produit\/miss-lolita\/#breadcrumb"},"inLanguage":"en-US","potentialAction":[{"@type":"ReadAction","target":["https:\/\/meggyz.com\/produit\/miss-lolita\/"]}]},{"@type":"ImageObject","inLanguage":"en-US","@id":"https:\/\/meggyz.com\/produit\/miss-lolita\/#primaryimage","url":"https:\/\/meggyz.com\/wp-content\/uploads\/2024\/09\/Miss-Lolita-by-MeggyZ-3-scaled.jpg","contentUrl":"https:\/\/meggyz.com\/wp-content\/uploads\/2024\/09\/Miss-Lolita-by-MeggyZ-3-scaled.jpg","width":2560,"height":2048},{"@type":"BreadcrumbList","@id":"https:\/\/meggyz.com\/produit\/miss-lolita\/#breadcrumb","itemListElement":[{"@type":"ListItem","position":1,"name":"Accueil","item":"https:\/\/meggyz.com\/"},{"@type":"ListItem","position":2,"name":"Boutique","item":"https:\/\/meggyz.com\/boutique\/"},{"@type":"ListItem","position":3,"name":"Miss Lolita"}]},{"@type":"WebSite","@id":"https:\/\/meggyz.com\/#website","url":"https:\/\/meggyz.com\/","name":"MeggyZ","description":"","potentialAction":[{"@type":"SearchAction","target":{"@type":"EntryPoint","urlTemplate":"https:\/\/meggyz.com\/?s={search_term_string}"},"query-input":{"@type":"PropertyValueSpecification","valueRequired":true,"valueName":"search_term_string"}}],"inLanguage":"en-US"}]}},"_links":{"self":[{"href":"https:\/\/meggyz.com\/en\/wp-json\/wp\/v2\/product\/174971","targetHints":{"allow":["GET"]}}],"collection":[{"href":"https:\/\/meggyz.com\/en\/wp-json\/wp\/v2\/product"}],"about":[{"href":"https:\/\/meggyz.com\/en\/wp-json\/wp\/v2\/types\/product"}],"wp:featuredmedia":[{"embeddable":true,"href":"https:\/\/meggyz.com\/en\/wp-json\/wp\/v2\/media\/175001"}],"wp:attachment":[{"href":"https:\/\/meggyz.com\/en\/wp-json\/wp\/v2\/media?parent=174971"}],"wp:term":[{"taxonomy":"product_brand","embeddable":true,"href":"https:\/\/meggyz.com\/en\/wp-json\/wp\/v2\/product_brand?post=174971"},{"taxonomy":"product_cat","embeddable":true,"href":"https:\/\/meggyz.com\/en\/wp-json\/wp\/v2\/product_cat?post=174971"},{"taxonomy":"product_tag","embeddable":true,"href":"https:\/\/meggyz.com\/en\/wp-json\/wp\/v2\/product_tag?post=174971"}],"curies":[{"name":"wp","href":"https:\/\/api.w.org\/{rel}","templated":true}]}}