{"id":173713,"date":"2021-11-08T13:55:00","date_gmt":"2021-11-08T11:55:00","guid":{"rendered":"https:\/\/meggyz.com\/?post_type=product&#038;p=173713"},"modified":"2024-09-04T12:36:40","modified_gmt":"2024-09-04T10:36:40","slug":"diagramme-3","status":"publish","type":"product","link":"https:\/\/meggyz.com\/en\/product\/diagramme-3\/","title":{"rendered":"PDF Diagramme Collection Femme du monde n\u00b03"},"content":{"rendered":"<p>Diagramme bracelet Miyuki Delica 11\/0 &#8211; M\u00e9tier \u00e0 tisser &#8211; LOOM<\/p>\n<p>T\u00e9l\u00e9chargement imm\u00e9diat, format PDF, aucun produit physique n&rsquo;est exp\u00e9di\u00e9 et les mat\u00e9riaux ne sont pas inclus.<\/p>\n<p>Diagramme Collection Femme du Monde n\u00b01 :<\/p>\n<p>&#8211; Perles utilis\u00e9es : Miyuki Delica 11\/0<\/p>\n<p>&#8211; Nombre de couleurs : 10<\/p>\n<p>&#8211; Largeur : 18 colonnes | 2,44cm | 0.96in<\/p>\n<p>&#8211; Longueur : 81 rangs | 14,18cm | 5.58in<\/p>\n<p>Le fichier PDF INCLUS :<\/p>\n<p>&#8211; Diagramme avec lettre et sans lettre<\/p>\n<p>&#8211; Liste de perles n\u00e9cessaires avec les codes couleurs<\/p>\n<p>&#8211; Charte LOOM<\/p>\n<p>&#8211; Photos bracelet en exemple<\/p>\n<p>Ce mod\u00e8le n&rsquo;inclut pas d&rsquo;instructions. Vous devez conna\u00eetre la technique du m\u00e9tier \u00e0 tisser.<\/p>\n<p>USAGE PERSONNEL UNIQUEMENT<\/p>\n<p>Cet achat est destin\u00e9 \u00e0 un usage personnel uniquement, vous ne pouvez pas revendre ce mod\u00e8le sous forme num\u00e9rique ou physique, le bijou fini ne peut \u00eatre revendu.<\/p>","protected":false},"excerpt":{"rendered":"<p>Diagramme sign\u00e9e MeggyZ &#8211; Bracelet Miyuki Delica 11\/0 &#8211; M\u00e9tier \u00e0 tisser &#8211; LOOM &#8211; T\u00e9l\u00e9chargement imm\u00e9diat, format PDF, aucun produit physique n&rsquo;est exp\u00e9di\u00e9 et les mat\u00e9riaux ne sont pas inclus.<\/p>","protected":false},"featured_media":173709,"template":"","meta":{"site-sidebar-layout":"default","site-content-layout":"","ast-site-content-layout":"default","site-content-style":"default","site-sidebar-style":"default","ast-global-header-display":"","ast-banner-title-visibility":"","ast-main-header-display":"","ast-hfb-above-header-display":"","ast-hfb-below-header-display":"","ast-hfb-mobile-header-display":"","site-post-title":"","ast-breadcrumbs-content":"","ast-featured-img":"","footer-sml-layout":"","ast-disable-related-posts":"","theme-transparent-header-meta":"default","adv-header-id-meta":"","stick-header-meta":"","header-above-stick-meta":"","header-main-stick-meta":"","header-below-stick-meta":"","astra-migrate-meta-layouts":"set","ast-page-background-enabled":"default","ast-page-background-meta":{"desktop":{"background-color":"var(--ast-global-color-4)","background-image":"","background-repeat":"repeat","background-position":"center center","background-size":"auto","background-attachment":"scroll","background-type":"","background-media":"","overlay-type":"","overlay-color":"","overlay-opacity":"","overlay-gradient":""},"tablet":{"background-color":"","background-image":"","background-repeat":"repeat","background-position":"center center","background-size":"auto","background-attachment":"scroll","background-type":"","background-media":"","overlay-type":"","overlay-color":"","overlay-opacity":"","overlay-gradient":""},"mobile":{"background-color":"","background-image":"","background-repeat":"repeat","background-position":"center center","background-size":"auto","background-attachment":"scroll","background-type":"","background-media":"","overlay-type":"","overlay-color":"","overlay-opacity":"","overlay-gradient":""}},"ast-content-background-meta":{"desktop":{"background-color":"var(--ast-global-color-5)","background-image":"","background-repeat":"repeat","background-position":"center center","background-size":"auto","background-attachment":"scroll","background-type":"","background-media":"","overlay-type":"","overlay-color":"","overlay-opacity":"","overlay-gradient":""},"tablet":{"background-color":"var(--ast-global-color-5)","background-image":"","background-repeat":"repeat","background-position":"center center","background-size":"auto","background-attachment":"scroll","background-type":"","background-media":"","overlay-type":"","overlay-color":"","overlay-opacity":"","overlay-gradient":""},"mobile":{"background-color":"var(--ast-global-color-5)","background-image":"","background-repeat":"repeat","background-position":"center center","background-size":"auto","background-attachment":"scroll","background-type":"","background-media":"","overlay-type":"","overlay-color":"","overlay-opacity":"","overlay-gradient":""}}},"product_brand":[],"product_cat":[243],"product_tag":[],"class_list":{"0":"post-173713","1":"product","2":"type-product","3":"status-publish","4":"has-post-thumbnail","6":"product_cat-diagrammes","7":"desktop-align-center","8":"tablet-align-center","9":"mobile-align-center","11":"first","12":"instock","13":"downloadable","14":"virtual","15":"purchasable","16":"product-type-simple"},"yoast_head":"<!-- This site is optimized with the Yoast SEO plugin v26.7 - https:\/\/yoast.com\/wordpress\/plugins\/seo\/ -->\n<title>PDF Diagramme Collection Femme du monde n\u00b03 &#8211; MeggyZ<\/title>\n<meta name=\"description\" content=\"Collection Femme du monde n\u00b03 sign\u00e9e MeggyZ - Diagramme bracelet Miyuki Delica 11\/0 - M\u00e9tier \u00e0 tisser - Loom - T\u00e9l\u00e9chargement imm\u00e9diat\" \/>\n<meta name=\"robots\" content=\"index, follow, max-snippet:-1, max-image-preview:large, max-video-preview:-1\" \/>\n<link rel=\"canonical\" href=\"https:\/\/meggyz.com\/en\/product\/diagramme-3\/\" \/>\n<meta property=\"og:locale\" content=\"en_US\" \/>\n<meta property=\"og:type\" content=\"article\" \/>\n<meta property=\"og:title\" content=\"PDF Diagramme Collection Femme du monde n\u00b03 &#8211; MeggyZ\" \/>\n<meta property=\"og:description\" content=\"Collection Femme du monde n\u00b03 sign\u00e9e MeggyZ - Diagramme bracelet Miyuki Delica 11\/0 - M\u00e9tier \u00e0 tisser - Loom - T\u00e9l\u00e9chargement imm\u00e9diat\" \/>\n<meta property=\"og:url\" content=\"https:\/\/meggyz.com\/en\/product\/diagramme-3\/\" \/>\n<meta property=\"og:site_name\" content=\"MeggyZ\" \/>\n<meta property=\"article:modified_time\" content=\"2024-09-04T10:36:40+00:00\" \/>\n<meta property=\"og:image\" content=\"https:\/\/meggyz.com\/wp-content\/uploads\/2024\/01\/3.png\" \/>\n\t<meta property=\"og:image:width\" content=\"1080\" \/>\n\t<meta property=\"og:image:height\" content=\"1080\" \/>\n\t<meta property=\"og:image:type\" content=\"image\/png\" \/>\n<meta name=\"twitter:card\" content=\"summary_large_image\" \/>\n<meta name=\"twitter:label1\" content=\"Est. reading time\" \/>\n\t<meta name=\"twitter:data1\" content=\"1 minute\" \/>\n<script type=\"application\/ld+json\" class=\"yoast-schema-graph\">{\"@context\":\"https:\/\/schema.org\",\"@graph\":[{\"@type\":\"WebPage\",\"@id\":\"https:\/\/meggyz.com\/produit\/diagramme-3\/\",\"url\":\"https:\/\/meggyz.com\/produit\/diagramme-3\/\",\"name\":\"PDF Diagramme Collection Femme du monde n\u00b03 &#8211; MeggyZ\",\"isPartOf\":{\"@id\":\"https:\/\/meggyz.com\/#website\"},\"primaryImageOfPage\":{\"@id\":\"https:\/\/meggyz.com\/produit\/diagramme-3\/#primaryimage\"},\"image\":{\"@id\":\"https:\/\/meggyz.com\/produit\/diagramme-3\/#primaryimage\"},\"thumbnailUrl\":\"https:\/\/meggyz.com\/wp-content\/uploads\/2024\/01\/3.png\",\"datePublished\":\"2021-11-08T11:55:00+00:00\",\"dateModified\":\"2024-09-04T10:36:40+00:00\",\"description\":\"Collection Femme du monde n\u00b03 sign\u00e9e MeggyZ - Diagramme bracelet Miyuki Delica 11\/0 - M\u00e9tier \u00e0 tisser - Loom - T\u00e9l\u00e9chargement imm\u00e9diat\",\"breadcrumb\":{\"@id\":\"https:\/\/meggyz.com\/produit\/diagramme-3\/#breadcrumb\"},\"inLanguage\":\"en-US\",\"potentialAction\":[{\"@type\":\"ReadAction\",\"target\":[\"https:\/\/meggyz.com\/produit\/diagramme-3\/\"]}]},{\"@type\":\"ImageObject\",\"inLanguage\":\"en-US\",\"@id\":\"https:\/\/meggyz.com\/produit\/diagramme-3\/#primaryimage\",\"url\":\"https:\/\/meggyz.com\/wp-content\/uploads\/2024\/01\/3.png\",\"contentUrl\":\"https:\/\/meggyz.com\/wp-content\/uploads\/2024\/01\/3.png\",\"width\":1080,\"height\":1080},{\"@type\":\"BreadcrumbList\",\"@id\":\"https:\/\/meggyz.com\/produit\/diagramme-3\/#breadcrumb\",\"itemListElement\":[{\"@type\":\"ListItem\",\"position\":1,\"name\":\"Accueil\",\"item\":\"https:\/\/meggyz.com\/\"},{\"@type\":\"ListItem\",\"position\":2,\"name\":\"Boutique\",\"item\":\"https:\/\/meggyz.com\/boutique\/\"},{\"@type\":\"ListItem\",\"position\":3,\"name\":\"PDF Diagramme Collection Femme du monde n\u00b03\"}]},{\"@type\":\"WebSite\",\"@id\":\"https:\/\/meggyz.com\/#website\",\"url\":\"https:\/\/meggyz.com\/\",\"name\":\"MeggyZ\",\"description\":\"\",\"potentialAction\":[{\"@type\":\"SearchAction\",\"target\":{\"@type\":\"EntryPoint\",\"urlTemplate\":\"https:\/\/meggyz.com\/?s={search_term_string}\"},\"query-input\":{\"@type\":\"PropertyValueSpecification\",\"valueRequired\":true,\"valueName\":\"search_term_string\"}}],\"inLanguage\":\"en-US\"}]}<\/script>\n<!-- \/ Yoast SEO plugin. -->","yoast_head_json":{"title":"PDF Diagramme Collection Femme du monde n\u00b03 &#8211; MeggyZ","description":"Collection Femme du monde n\u00b03 sign\u00e9e MeggyZ - Diagramme bracelet Miyuki Delica 11\/0 - M\u00e9tier \u00e0 tisser - Loom - T\u00e9l\u00e9chargement imm\u00e9diat","robots":{"index":"index","follow":"follow","max-snippet":"max-snippet:-1","max-image-preview":"max-image-preview:large","max-video-preview":"max-video-preview:-1"},"canonical":"https:\/\/meggyz.com\/en\/product\/diagramme-3\/","og_locale":"en_US","og_type":"article","og_title":"PDF Diagramme Collection Femme du monde n\u00b03 &#8211; MeggyZ","og_description":"Collection Femme du monde n\u00b03 sign\u00e9e MeggyZ - Diagramme bracelet Miyuki Delica 11\/0 - M\u00e9tier \u00e0 tisser - Loom - T\u00e9l\u00e9chargement imm\u00e9diat","og_url":"https:\/\/meggyz.com\/en\/product\/diagramme-3\/","og_site_name":"MeggyZ","article_modified_time":"2024-09-04T10:36:40+00:00","og_image":[{"width":1080,"height":1080,"url":"https:\/\/meggyz.com\/wp-content\/uploads\/2024\/01\/3.png","type":"image\/png"}],"twitter_card":"summary_large_image","twitter_misc":{"Est. reading time":"1 minute"},"schema":{"@context":"https:\/\/schema.org","@graph":[{"@type":"WebPage","@id":"https:\/\/meggyz.com\/produit\/diagramme-3\/","url":"https:\/\/meggyz.com\/produit\/diagramme-3\/","name":"PDF Diagramme Collection Femme du monde n\u00b03 &#8211; MeggyZ","isPartOf":{"@id":"https:\/\/meggyz.com\/#website"},"primaryImageOfPage":{"@id":"https:\/\/meggyz.com\/produit\/diagramme-3\/#primaryimage"},"image":{"@id":"https:\/\/meggyz.com\/produit\/diagramme-3\/#primaryimage"},"thumbnailUrl":"https:\/\/meggyz.com\/wp-content\/uploads\/2024\/01\/3.png","datePublished":"2021-11-08T11:55:00+00:00","dateModified":"2024-09-04T10:36:40+00:00","description":"Collection Femme du monde n\u00b03 sign\u00e9e MeggyZ - Diagramme bracelet Miyuki Delica 11\/0 - M\u00e9tier \u00e0 tisser - Loom - T\u00e9l\u00e9chargement imm\u00e9diat","breadcrumb":{"@id":"https:\/\/meggyz.com\/produit\/diagramme-3\/#breadcrumb"},"inLanguage":"en-US","potentialAction":[{"@type":"ReadAction","target":["https:\/\/meggyz.com\/produit\/diagramme-3\/"]}]},{"@type":"ImageObject","inLanguage":"en-US","@id":"https:\/\/meggyz.com\/produit\/diagramme-3\/#primaryimage","url":"https:\/\/meggyz.com\/wp-content\/uploads\/2024\/01\/3.png","contentUrl":"https:\/\/meggyz.com\/wp-content\/uploads\/2024\/01\/3.png","width":1080,"height":1080},{"@type":"BreadcrumbList","@id":"https:\/\/meggyz.com\/produit\/diagramme-3\/#breadcrumb","itemListElement":[{"@type":"ListItem","position":1,"name":"Accueil","item":"https:\/\/meggyz.com\/"},{"@type":"ListItem","position":2,"name":"Boutique","item":"https:\/\/meggyz.com\/boutique\/"},{"@type":"ListItem","position":3,"name":"PDF Diagramme Collection Femme du monde n\u00b03"}]},{"@type":"WebSite","@id":"https:\/\/meggyz.com\/#website","url":"https:\/\/meggyz.com\/","name":"MeggyZ","description":"","potentialAction":[{"@type":"SearchAction","target":{"@type":"EntryPoint","urlTemplate":"https:\/\/meggyz.com\/?s={search_term_string}"},"query-input":{"@type":"PropertyValueSpecification","valueRequired":true,"valueName":"search_term_string"}}],"inLanguage":"en-US"}]}},"_links":{"self":[{"href":"https:\/\/meggyz.com\/en\/wp-json\/wp\/v2\/product\/173713","targetHints":{"allow":["GET"]}}],"collection":[{"href":"https:\/\/meggyz.com\/en\/wp-json\/wp\/v2\/product"}],"about":[{"href":"https:\/\/meggyz.com\/en\/wp-json\/wp\/v2\/types\/product"}],"wp:featuredmedia":[{"embeddable":true,"href":"https:\/\/meggyz.com\/en\/wp-json\/wp\/v2\/media\/173709"}],"wp:attachment":[{"href":"https:\/\/meggyz.com\/en\/wp-json\/wp\/v2\/media?parent=173713"}],"wp:term":[{"taxonomy":"product_brand","embeddable":true,"href":"https:\/\/meggyz.com\/en\/wp-json\/wp\/v2\/product_brand?post=173713"},{"taxonomy":"product_cat","embeddable":true,"href":"https:\/\/meggyz.com\/en\/wp-json\/wp\/v2\/product_cat?post=173713"},{"taxonomy":"product_tag","embeddable":true,"href":"https:\/\/meggyz.com\/en\/wp-json\/wp\/v2\/product_tag?post=173713"}],"curies":[{"name":"wp","href":"https:\/\/api.w.org\/{rel}","templated":true}]}}