{"id":173425,"date":"2023-11-27T08:00:46","date_gmt":"2023-11-27T06:00:46","guid":{"rendered":"https:\/\/meggyz.com\/?post_type=product&#038;p=173425"},"modified":"2025-02-01T22:35:54","modified_gmt":"2025-02-01T20:35:54","slug":"mia-cheveux-bleu","status":"publish","type":"product","link":"https:\/\/meggyz.com\/en\/product\/mia-cheveux-bleu\/","title":{"rendered":"Mia"},"content":{"rendered":"<div id=\"product-tab\" class=\"woocommerce-tabs woocommerce-tabs-xlzlc6od resp-htabs\">\n<div class=\"resp-tabs-container\">\n<div id=\"tab-description\" class=\"tab-content resp-tab-content resp-tab-content-active\" aria-labelledby=\"tab_item-0\">\n<p>Bracelet Mia dessin\u00e9 et tiss\u00e9 perle par perle dans mon atelier \u2013 Pi\u00e8ce unique &#8211; Un seul exemplaire de\u00a0 disponible &#8211; Mod\u00e8le original et authentique MeggyZ &#8211; Bracelet d\u00e9taill\u00e9, fin &amp; original<\/p>\n<p>Visage mate, cheveux bleus avec reflets iris\u00e9s, touche de dor\u00e9, bleu mate \u00e9lectrique<\/p>\n<p>Bracelet r\u00e9glable en macram\u00e9 &#8211; Adapt\u00e9 au petit poignet<\/p>\n<p>Cache perle en Gold filled 14K<\/p>\n<p>Envoi sous 1 \u00e0 3 jours ouvr\u00e9s avec Colissimo<\/p>\n<p>Fait main en France<\/p>\n<p><em>** N&rsquo;h\u00e9sitez pas \u00e0 me contacter pour toute information en cliquant <a href=\"https:\/\/meggyz.com\/en\/contact\/\">here<\/a> **<\/em><\/p>\n<\/div>\n<\/div>\n<\/div>","protected":false},"excerpt":{"rendered":"<p>Bracelet en macram\u00e9 r\u00e9glable &#8211; Adapt\u00e9 pour les petits poignets &#8211; Pi\u00e8ce unique disponible en un seul exemplaire &#8211; Mod\u00e8le original et authentique MeggyZ &#8211; D\u00e9taill\u00e9, fin &amp; original &#8211; Fait main<\/p>","protected":false},"featured_media":173407,"template":"","meta":{"site-sidebar-layout":"default","site-content-layout":"","ast-site-content-layout":"default","site-content-style":"default","site-sidebar-style":"default","ast-global-header-display":"","ast-banner-title-visibility":"","ast-main-header-display":"","ast-hfb-above-header-display":"","ast-hfb-below-header-display":"","ast-hfb-mobile-header-display":"","site-post-title":"","ast-breadcrumbs-content":"","ast-featured-img":"","footer-sml-layout":"","ast-disable-related-posts":"","theme-transparent-header-meta":"default","adv-header-id-meta":"","stick-header-meta":"","header-above-stick-meta":"","header-main-stick-meta":"","header-below-stick-meta":"","astra-migrate-meta-layouts":"set","ast-page-background-enabled":"default","ast-page-background-meta":{"desktop":{"background-color":"var(--ast-global-color-4)","background-image":"","background-repeat":"repeat","background-position":"center center","background-size":"auto","background-attachment":"scroll","background-type":"","background-media":"","overlay-type":"","overlay-color":"","overlay-opacity":"","overlay-gradient":""},"tablet":{"background-color":"","background-image":"","background-repeat":"repeat","background-position":"center center","background-size":"auto","background-attachment":"scroll","background-type":"","background-media":"","overlay-type":"","overlay-color":"","overlay-opacity":"","overlay-gradient":""},"mobile":{"background-color":"","background-image":"","background-repeat":"repeat","background-position":"center center","background-size":"auto","background-attachment":"scroll","background-type":"","background-media":"","overlay-type":"","overlay-color":"","overlay-opacity":"","overlay-gradient":""}},"ast-content-background-meta":{"desktop":{"background-color":"var(--ast-global-color-5)","background-image":"","background-repeat":"repeat","background-position":"center center","background-size":"auto","background-attachment":"scroll","background-type":"","background-media":"","overlay-type":"","overlay-color":"","overlay-opacity":"","overlay-gradient":""},"tablet":{"background-color":"var(--ast-global-color-5)","background-image":"","background-repeat":"repeat","background-position":"center center","background-size":"auto","background-attachment":"scroll","background-type":"","background-media":"","overlay-type":"","overlay-color":"","overlay-opacity":"","overlay-gradient":""},"mobile":{"background-color":"var(--ast-global-color-5)","background-image":"","background-repeat":"repeat","background-position":"center center","background-size":"auto","background-attachment":"scroll","background-type":"","background-media":"","overlay-type":"","overlay-color":"","overlay-opacity":"","overlay-gradient":""}}},"product_brand":[],"product_cat":[105,168,237,259],"product_tag":[],"class_list":{"0":"post-173425","1":"product","2":"type-product","3":"status-publish","4":"has-post-thumbnail","6":"product_cat-tous-les-bijoux","7":"product_cat-bracelet","8":"product_cat-mia","9":"product_cat-promotion","10":"desktop-align-center","11":"tablet-align-center","12":"mobile-align-center","14":"first","15":"outofstock","16":"shipping-taxable","17":"purchasable","18":"product-type-simple"},"yoast_head":"<!-- This site is optimized with the Yoast SEO plugin v26.7 - https:\/\/yoast.com\/wordpress\/plugins\/seo\/ -->\n<title>Mia &#8211; MeggyZ<\/title>\n<meta name=\"description\" content=\"Bracelet Jeanne en macram\u00e9 dessin\u00e9 et tiss\u00e9 perle par perle \u2013 Taille r\u00e9glable adapt\u00e9 pour les petits poignets \u2013 Un bracelet unique, fait main en France\" \/>\n<meta name=\"robots\" content=\"index, follow, max-snippet:-1, max-image-preview:large, max-video-preview:-1\" \/>\n<link rel=\"canonical\" href=\"https:\/\/meggyz.com\/en\/product\/mia-cheveux-bleu\/\" \/>\n<meta property=\"og:locale\" content=\"en_US\" \/>\n<meta property=\"og:type\" content=\"article\" \/>\n<meta property=\"og:title\" content=\"Mia &#8211; MeggyZ\" \/>\n<meta property=\"og:description\" content=\"Bracelet Jeanne en macram\u00e9 dessin\u00e9 et tiss\u00e9 perle par perle \u2013 Taille r\u00e9glable adapt\u00e9 pour les petits poignets \u2013 Un bracelet unique, fait main en France\" \/>\n<meta property=\"og:url\" content=\"https:\/\/meggyz.com\/en\/product\/mia-cheveux-bleu\/\" \/>\n<meta property=\"og:site_name\" content=\"MeggyZ\" \/>\n<meta property=\"article:modified_time\" content=\"2025-02-01T20:35:54+00:00\" \/>\n<meta property=\"og:image\" content=\"https:\/\/meggyz.com\/wp-content\/uploads\/2023\/11\/IMG_9574c.jpg\" \/>\n\t<meta property=\"og:image:width\" content=\"2304\" \/>\n\t<meta property=\"og:image:height\" content=\"2304\" \/>\n\t<meta property=\"og:image:type\" content=\"image\/jpeg\" \/>\n<meta name=\"twitter:card\" content=\"summary_large_image\" \/>\n<meta name=\"twitter:label1\" content=\"Est. reading time\" \/>\n\t<meta name=\"twitter:data1\" content=\"1 minute\" \/>\n<script type=\"application\/ld+json\" class=\"yoast-schema-graph\">{\"@context\":\"https:\/\/schema.org\",\"@graph\":[{\"@type\":\"WebPage\",\"@id\":\"https:\/\/meggyz.com\/produit\/mia-cheveux-bleu\/\",\"url\":\"https:\/\/meggyz.com\/produit\/mia-cheveux-bleu\/\",\"name\":\"Mia &#8211; MeggyZ\",\"isPartOf\":{\"@id\":\"https:\/\/meggyz.com\/#website\"},\"primaryImageOfPage\":{\"@id\":\"https:\/\/meggyz.com\/produit\/mia-cheveux-bleu\/#primaryimage\"},\"image\":{\"@id\":\"https:\/\/meggyz.com\/produit\/mia-cheveux-bleu\/#primaryimage\"},\"thumbnailUrl\":\"https:\/\/meggyz.com\/wp-content\/uploads\/2023\/11\/IMG_9574c.jpg\",\"datePublished\":\"2023-11-27T06:00:46+00:00\",\"dateModified\":\"2025-02-01T20:35:54+00:00\",\"description\":\"Bracelet Jeanne en macram\u00e9 dessin\u00e9 et tiss\u00e9 perle par perle \u2013 Taille r\u00e9glable adapt\u00e9 pour les petits poignets \u2013 Un bracelet unique, fait main en France\",\"breadcrumb\":{\"@id\":\"https:\/\/meggyz.com\/produit\/mia-cheveux-bleu\/#breadcrumb\"},\"inLanguage\":\"en-US\",\"potentialAction\":[{\"@type\":\"ReadAction\",\"target\":[\"https:\/\/meggyz.com\/produit\/mia-cheveux-bleu\/\"]}]},{\"@type\":\"ImageObject\",\"inLanguage\":\"en-US\",\"@id\":\"https:\/\/meggyz.com\/produit\/mia-cheveux-bleu\/#primaryimage\",\"url\":\"https:\/\/meggyz.com\/wp-content\/uploads\/2023\/11\/IMG_9574c.jpg\",\"contentUrl\":\"https:\/\/meggyz.com\/wp-content\/uploads\/2023\/11\/IMG_9574c.jpg\",\"width\":2304,\"height\":2304},{\"@type\":\"BreadcrumbList\",\"@id\":\"https:\/\/meggyz.com\/produit\/mia-cheveux-bleu\/#breadcrumb\",\"itemListElement\":[{\"@type\":\"ListItem\",\"position\":1,\"name\":\"Accueil\",\"item\":\"https:\/\/meggyz.com\/\"},{\"@type\":\"ListItem\",\"position\":2,\"name\":\"Boutique\",\"item\":\"https:\/\/meggyz.com\/boutique\/\"},{\"@type\":\"ListItem\",\"position\":3,\"name\":\"Mia\"}]},{\"@type\":\"WebSite\",\"@id\":\"https:\/\/meggyz.com\/#website\",\"url\":\"https:\/\/meggyz.com\/\",\"name\":\"MeggyZ\",\"description\":\"\",\"potentialAction\":[{\"@type\":\"SearchAction\",\"target\":{\"@type\":\"EntryPoint\",\"urlTemplate\":\"https:\/\/meggyz.com\/?s={search_term_string}\"},\"query-input\":{\"@type\":\"PropertyValueSpecification\",\"valueRequired\":true,\"valueName\":\"search_term_string\"}}],\"inLanguage\":\"en-US\"}]}<\/script>\n<!-- \/ Yoast SEO plugin. -->","yoast_head_json":{"title":"Mia &#8211; MeggyZ","description":"Bracelet Jeanne en macram\u00e9 dessin\u00e9 et tiss\u00e9 perle par perle \u2013 Taille r\u00e9glable adapt\u00e9 pour les petits poignets \u2013 Un bracelet unique, fait main en France","robots":{"index":"index","follow":"follow","max-snippet":"max-snippet:-1","max-image-preview":"max-image-preview:large","max-video-preview":"max-video-preview:-1"},"canonical":"https:\/\/meggyz.com\/en\/product\/mia-cheveux-bleu\/","og_locale":"en_US","og_type":"article","og_title":"Mia &#8211; MeggyZ","og_description":"Bracelet Jeanne en macram\u00e9 dessin\u00e9 et tiss\u00e9 perle par perle \u2013 Taille r\u00e9glable adapt\u00e9 pour les petits poignets \u2013 Un bracelet unique, fait main en France","og_url":"https:\/\/meggyz.com\/en\/product\/mia-cheveux-bleu\/","og_site_name":"MeggyZ","article_modified_time":"2025-02-01T20:35:54+00:00","og_image":[{"width":2304,"height":2304,"url":"https:\/\/meggyz.com\/wp-content\/uploads\/2023\/11\/IMG_9574c.jpg","type":"image\/jpeg"}],"twitter_card":"summary_large_image","twitter_misc":{"Est. reading time":"1 minute"},"schema":{"@context":"https:\/\/schema.org","@graph":[{"@type":"WebPage","@id":"https:\/\/meggyz.com\/produit\/mia-cheveux-bleu\/","url":"https:\/\/meggyz.com\/produit\/mia-cheveux-bleu\/","name":"Mia &#8211; MeggyZ","isPartOf":{"@id":"https:\/\/meggyz.com\/#website"},"primaryImageOfPage":{"@id":"https:\/\/meggyz.com\/produit\/mia-cheveux-bleu\/#primaryimage"},"image":{"@id":"https:\/\/meggyz.com\/produit\/mia-cheveux-bleu\/#primaryimage"},"thumbnailUrl":"https:\/\/meggyz.com\/wp-content\/uploads\/2023\/11\/IMG_9574c.jpg","datePublished":"2023-11-27T06:00:46+00:00","dateModified":"2025-02-01T20:35:54+00:00","description":"Bracelet Jeanne en macram\u00e9 dessin\u00e9 et tiss\u00e9 perle par perle \u2013 Taille r\u00e9glable adapt\u00e9 pour les petits poignets \u2013 Un bracelet unique, fait main en France","breadcrumb":{"@id":"https:\/\/meggyz.com\/produit\/mia-cheveux-bleu\/#breadcrumb"},"inLanguage":"en-US","potentialAction":[{"@type":"ReadAction","target":["https:\/\/meggyz.com\/produit\/mia-cheveux-bleu\/"]}]},{"@type":"ImageObject","inLanguage":"en-US","@id":"https:\/\/meggyz.com\/produit\/mia-cheveux-bleu\/#primaryimage","url":"https:\/\/meggyz.com\/wp-content\/uploads\/2023\/11\/IMG_9574c.jpg","contentUrl":"https:\/\/meggyz.com\/wp-content\/uploads\/2023\/11\/IMG_9574c.jpg","width":2304,"height":2304},{"@type":"BreadcrumbList","@id":"https:\/\/meggyz.com\/produit\/mia-cheveux-bleu\/#breadcrumb","itemListElement":[{"@type":"ListItem","position":1,"name":"Accueil","item":"https:\/\/meggyz.com\/"},{"@type":"ListItem","position":2,"name":"Boutique","item":"https:\/\/meggyz.com\/boutique\/"},{"@type":"ListItem","position":3,"name":"Mia"}]},{"@type":"WebSite","@id":"https:\/\/meggyz.com\/#website","url":"https:\/\/meggyz.com\/","name":"MeggyZ","description":"","potentialAction":[{"@type":"SearchAction","target":{"@type":"EntryPoint","urlTemplate":"https:\/\/meggyz.com\/?s={search_term_string}"},"query-input":{"@type":"PropertyValueSpecification","valueRequired":true,"valueName":"search_term_string"}}],"inLanguage":"en-US"}]}},"_links":{"self":[{"href":"https:\/\/meggyz.com\/en\/wp-json\/wp\/v2\/product\/173425","targetHints":{"allow":["GET"]}}],"collection":[{"href":"https:\/\/meggyz.com\/en\/wp-json\/wp\/v2\/product"}],"about":[{"href":"https:\/\/meggyz.com\/en\/wp-json\/wp\/v2\/types\/product"}],"wp:featuredmedia":[{"embeddable":true,"href":"https:\/\/meggyz.com\/en\/wp-json\/wp\/v2\/media\/173407"}],"wp:attachment":[{"href":"https:\/\/meggyz.com\/en\/wp-json\/wp\/v2\/media?parent=173425"}],"wp:term":[{"taxonomy":"product_brand","embeddable":true,"href":"https:\/\/meggyz.com\/en\/wp-json\/wp\/v2\/product_brand?post=173425"},{"taxonomy":"product_cat","embeddable":true,"href":"https:\/\/meggyz.com\/en\/wp-json\/wp\/v2\/product_cat?post=173425"},{"taxonomy":"product_tag","embeddable":true,"href":"https:\/\/meggyz.com\/en\/wp-json\/wp\/v2\/product_tag?post=173425"}],"curies":[{"name":"wp","href":"https:\/\/api.w.org\/{rel}","templated":true}]}}