{"id":11817,"date":"2024-04-02T19:58:45","date_gmt":"2024-04-02T17:58:45","guid":{"rendered":"https:\/\/meggyz.com\/?post_type=product&#038;p=11817"},"modified":"2024-12-06T08:29:56","modified_gmt":"2024-12-06T06:29:56","slug":"rainbow-venus1","status":"publish","type":"product","link":"https:\/\/meggyz.com\/en\/product\/rainbow-venus1\/","title":{"rendered":"Rainbow V\u00e9nus"},"content":{"rendered":"<p>La Collection f\u00e9minit\u00e9 incarne l&rsquo;esprit Girl power avec audace et finesse, fusionnant l&rsquo;\u00e9l\u00e9gance et l&rsquo;affirmation de soi.<\/p>\n<p><em>Mat\u00e9riaux<\/em> :<\/p>\n<ul>\n<li>Crochets et embouts en Gold filled 14K<\/li>\n<li>Perles japonaises en verre<\/li>\n<li>Perles en nacre<\/li>\n<\/ul>\n<p>Embouts offerts pour ne pas les perdre.<\/p>\n<p>Livraisons avec Colissimo sous 1 \u00e0 3 jours ouvrables.<\/p>\n<p>Poids : 4g les 2, boucles d&rsquo;oreilles l\u00e9g\u00e8res<\/p>\n<p><em>** Ces jolies boucles d&rsquo;oreilles sont personnalisables, veuillez me contacter en cliquant <a href=\"https:\/\/meggyz.com\/en\/contact\/\">here<\/a> **<\/em><\/p>","protected":false},"excerpt":{"rendered":"<p>Les boucles d&rsquo;oreilles V\u00e9nus sont dessin\u00e9es et tiss\u00e9es \u00e0 la main dans mon atelier, chaque pi\u00e8ce est unique &#8211; Cr\u00e9ation originale, moderne et authentique sign\u00e9e MeggyZ.<\/p>\n<p>&nbsp;<\/p>","protected":false},"featured_media":173442,"template":"","meta":{"site-sidebar-layout":"default","site-content-layout":"","ast-site-content-layout":"default","site-content-style":"default","site-sidebar-style":"default","ast-global-header-display":"","ast-banner-title-visibility":"","ast-main-header-display":"","ast-hfb-above-header-display":"","ast-hfb-below-header-display":"","ast-hfb-mobile-header-display":"","site-post-title":"","ast-breadcrumbs-content":"","ast-featured-img":"","footer-sml-layout":"","ast-disable-related-posts":"","theme-transparent-header-meta":"default","adv-header-id-meta":"","stick-header-meta":"","header-above-stick-meta":"","header-main-stick-meta":"","header-below-stick-meta":"","astra-migrate-meta-layouts":"set","ast-page-background-enabled":"default","ast-page-background-meta":{"desktop":{"background-color":"var(--ast-global-color-4)","background-image":"","background-repeat":"repeat","background-position":"center center","background-size":"auto","background-attachment":"scroll","background-type":"","background-media":"","overlay-type":"","overlay-color":"","overlay-opacity":"","overlay-gradient":""},"tablet":{"background-color":"","background-image":"","background-repeat":"repeat","background-position":"center center","background-size":"auto","background-attachment":"scroll","background-type":"","background-media":"","overlay-type":"","overlay-color":"","overlay-opacity":"","overlay-gradient":""},"mobile":{"background-color":"","background-image":"","background-repeat":"repeat","background-position":"center center","background-size":"auto","background-attachment":"scroll","background-type":"","background-media":"","overlay-type":"","overlay-color":"","overlay-opacity":"","overlay-gradient":""}},"ast-content-background-meta":{"desktop":{"background-color":"var(--ast-global-color-5)","background-image":"","background-repeat":"repeat","background-position":"center center","background-size":"auto","background-attachment":"scroll","background-type":"","background-media":"","overlay-type":"","overlay-color":"","overlay-opacity":"","overlay-gradient":""},"tablet":{"background-color":"var(--ast-global-color-5)","background-image":"","background-repeat":"repeat","background-position":"center center","background-size":"auto","background-attachment":"scroll","background-type":"","background-media":"","overlay-type":"","overlay-color":"","overlay-opacity":"","overlay-gradient":""},"mobile":{"background-color":"var(--ast-global-color-5)","background-image":"","background-repeat":"repeat","background-position":"center center","background-size":"auto","background-attachment":"scroll","background-type":"","background-media":"","overlay-type":"","overlay-color":"","overlay-opacity":"","overlay-gradient":""}}},"product_brand":[],"product_cat":[105,170,181,259,240],"product_tag":[],"class_list":{"0":"post-11817","1":"product","2":"type-product","3":"status-publish","4":"has-post-thumbnail","6":"product_cat-tous-les-bijoux","7":"product_cat-boucles-d-oreilles","8":"product_cat-collection-feminite","9":"product_cat-promotion","10":"product_cat-venus","11":"desktop-align-center","12":"tablet-align-center","13":"mobile-align-center","15":"first","16":"instock","17":"shipping-taxable","18":"purchasable","19":"product-type-simple"},"yoast_head":"<!-- This site is optimized with the Yoast SEO plugin v26.7 - https:\/\/yoast.com\/wordpress\/plugins\/seo\/ -->\n<title>Rainbow V\u00e9nus &#8211; MeggyZ<\/title>\n<meta name=\"description\" content=\"Boucles d&#039;oreilles faites main en perles japonaises et Gold filled 14K - Fabriqu\u00e9 en petite quantit\u00e9 - Unique et originale - Arc-en-ciel\" \/>\n<meta name=\"robots\" content=\"index, follow, max-snippet:-1, max-image-preview:large, max-video-preview:-1\" \/>\n<link rel=\"canonical\" href=\"https:\/\/meggyz.com\/en\/product\/rainbow-venus1\/\" \/>\n<meta property=\"og:locale\" content=\"en_US\" \/>\n<meta property=\"og:type\" content=\"article\" \/>\n<meta property=\"og:title\" content=\"Rainbow V\u00e9nus &#8211; MeggyZ\" \/>\n<meta property=\"og:description\" content=\"Boucles d&#039;oreilles faites main en perles japonaises et Gold filled 14K - Fabriqu\u00e9 en petite quantit\u00e9 - Unique et originale - Arc-en-ciel\" \/>\n<meta property=\"og:url\" content=\"https:\/\/meggyz.com\/en\/product\/rainbow-venus1\/\" \/>\n<meta property=\"og:site_name\" content=\"MeggyZ\" \/>\n<meta property=\"article:modified_time\" content=\"2024-12-06T06:29:56+00:00\" \/>\n<meta property=\"og:image\" content=\"https:\/\/meggyz.com\/wp-content\/uploads\/2023\/11\/IMG_0170c.jpg\" \/>\n\t<meta property=\"og:image:width\" content=\"2175\" \/>\n\t<meta property=\"og:image:height\" content=\"2175\" \/>\n\t<meta property=\"og:image:type\" content=\"image\/jpeg\" \/>\n<meta name=\"twitter:card\" content=\"summary_large_image\" \/>\n<meta name=\"twitter:label1\" content=\"Est. reading time\" \/>\n\t<meta name=\"twitter:data1\" content=\"1 minute\" \/>\n<script type=\"application\/ld+json\" class=\"yoast-schema-graph\">{\"@context\":\"https:\/\/schema.org\",\"@graph\":[{\"@type\":\"WebPage\",\"@id\":\"https:\/\/meggyz.com\/produit\/rainbow-venus1\/\",\"url\":\"https:\/\/meggyz.com\/produit\/rainbow-venus1\/\",\"name\":\"Rainbow V\u00e9nus &#8211; MeggyZ\",\"isPartOf\":{\"@id\":\"https:\/\/meggyz.com\/#website\"},\"primaryImageOfPage\":{\"@id\":\"https:\/\/meggyz.com\/produit\/rainbow-venus1\/#primaryimage\"},\"image\":{\"@id\":\"https:\/\/meggyz.com\/produit\/rainbow-venus1\/#primaryimage\"},\"thumbnailUrl\":\"https:\/\/meggyz.com\/wp-content\/uploads\/2023\/11\/IMG_0170c.jpg\",\"datePublished\":\"2024-04-02T17:58:45+00:00\",\"dateModified\":\"2024-12-06T06:29:56+00:00\",\"description\":\"Boucles d'oreilles faites main en perles japonaises et Gold filled 14K - Fabriqu\u00e9 en petite quantit\u00e9 - Unique et originale - Arc-en-ciel\",\"breadcrumb\":{\"@id\":\"https:\/\/meggyz.com\/produit\/rainbow-venus1\/#breadcrumb\"},\"inLanguage\":\"en-US\",\"potentialAction\":[{\"@type\":\"ReadAction\",\"target\":[\"https:\/\/meggyz.com\/produit\/rainbow-venus1\/\"]}]},{\"@type\":\"ImageObject\",\"inLanguage\":\"en-US\",\"@id\":\"https:\/\/meggyz.com\/produit\/rainbow-venus1\/#primaryimage\",\"url\":\"https:\/\/meggyz.com\/wp-content\/uploads\/2023\/11\/IMG_0170c.jpg\",\"contentUrl\":\"https:\/\/meggyz.com\/wp-content\/uploads\/2023\/11\/IMG_0170c.jpg\",\"width\":2175,\"height\":2175},{\"@type\":\"BreadcrumbList\",\"@id\":\"https:\/\/meggyz.com\/produit\/rainbow-venus1\/#breadcrumb\",\"itemListElement\":[{\"@type\":\"ListItem\",\"position\":1,\"name\":\"Accueil\",\"item\":\"https:\/\/meggyz.com\/\"},{\"@type\":\"ListItem\",\"position\":2,\"name\":\"Boutique\",\"item\":\"https:\/\/meggyz.com\/boutique\/\"},{\"@type\":\"ListItem\",\"position\":3,\"name\":\"Rainbow V\u00e9nus\"}]},{\"@type\":\"WebSite\",\"@id\":\"https:\/\/meggyz.com\/#website\",\"url\":\"https:\/\/meggyz.com\/\",\"name\":\"MeggyZ\",\"description\":\"\",\"potentialAction\":[{\"@type\":\"SearchAction\",\"target\":{\"@type\":\"EntryPoint\",\"urlTemplate\":\"https:\/\/meggyz.com\/?s={search_term_string}\"},\"query-input\":{\"@type\":\"PropertyValueSpecification\",\"valueRequired\":true,\"valueName\":\"search_term_string\"}}],\"inLanguage\":\"en-US\"}]}<\/script>\n<!-- \/ Yoast SEO plugin. -->","yoast_head_json":{"title":"Rainbow V\u00e9nus &#8211; MeggyZ","description":"Boucles d'oreilles faites main en perles japonaises et Gold filled 14K - Fabriqu\u00e9 en petite quantit\u00e9 - Unique et originale - Arc-en-ciel","robots":{"index":"index","follow":"follow","max-snippet":"max-snippet:-1","max-image-preview":"max-image-preview:large","max-video-preview":"max-video-preview:-1"},"canonical":"https:\/\/meggyz.com\/en\/product\/rainbow-venus1\/","og_locale":"en_US","og_type":"article","og_title":"Rainbow V\u00e9nus &#8211; MeggyZ","og_description":"Boucles d'oreilles faites main en perles japonaises et Gold filled 14K - Fabriqu\u00e9 en petite quantit\u00e9 - Unique et originale - Arc-en-ciel","og_url":"https:\/\/meggyz.com\/en\/product\/rainbow-venus1\/","og_site_name":"MeggyZ","article_modified_time":"2024-12-06T06:29:56+00:00","og_image":[{"width":2175,"height":2175,"url":"https:\/\/meggyz.com\/wp-content\/uploads\/2023\/11\/IMG_0170c.jpg","type":"image\/jpeg"}],"twitter_card":"summary_large_image","twitter_misc":{"Est. reading time":"1 minute"},"schema":{"@context":"https:\/\/schema.org","@graph":[{"@type":"WebPage","@id":"https:\/\/meggyz.com\/produit\/rainbow-venus1\/","url":"https:\/\/meggyz.com\/produit\/rainbow-venus1\/","name":"Rainbow V\u00e9nus &#8211; MeggyZ","isPartOf":{"@id":"https:\/\/meggyz.com\/#website"},"primaryImageOfPage":{"@id":"https:\/\/meggyz.com\/produit\/rainbow-venus1\/#primaryimage"},"image":{"@id":"https:\/\/meggyz.com\/produit\/rainbow-venus1\/#primaryimage"},"thumbnailUrl":"https:\/\/meggyz.com\/wp-content\/uploads\/2023\/11\/IMG_0170c.jpg","datePublished":"2024-04-02T17:58:45+00:00","dateModified":"2024-12-06T06:29:56+00:00","description":"Boucles d'oreilles faites main en perles japonaises et Gold filled 14K - Fabriqu\u00e9 en petite quantit\u00e9 - Unique et originale - Arc-en-ciel","breadcrumb":{"@id":"https:\/\/meggyz.com\/produit\/rainbow-venus1\/#breadcrumb"},"inLanguage":"en-US","potentialAction":[{"@type":"ReadAction","target":["https:\/\/meggyz.com\/produit\/rainbow-venus1\/"]}]},{"@type":"ImageObject","inLanguage":"en-US","@id":"https:\/\/meggyz.com\/produit\/rainbow-venus1\/#primaryimage","url":"https:\/\/meggyz.com\/wp-content\/uploads\/2023\/11\/IMG_0170c.jpg","contentUrl":"https:\/\/meggyz.com\/wp-content\/uploads\/2023\/11\/IMG_0170c.jpg","width":2175,"height":2175},{"@type":"BreadcrumbList","@id":"https:\/\/meggyz.com\/produit\/rainbow-venus1\/#breadcrumb","itemListElement":[{"@type":"ListItem","position":1,"name":"Accueil","item":"https:\/\/meggyz.com\/"},{"@type":"ListItem","position":2,"name":"Boutique","item":"https:\/\/meggyz.com\/boutique\/"},{"@type":"ListItem","position":3,"name":"Rainbow V\u00e9nus"}]},{"@type":"WebSite","@id":"https:\/\/meggyz.com\/#website","url":"https:\/\/meggyz.com\/","name":"MeggyZ","description":"","potentialAction":[{"@type":"SearchAction","target":{"@type":"EntryPoint","urlTemplate":"https:\/\/meggyz.com\/?s={search_term_string}"},"query-input":{"@type":"PropertyValueSpecification","valueRequired":true,"valueName":"search_term_string"}}],"inLanguage":"en-US"}]}},"_links":{"self":[{"href":"https:\/\/meggyz.com\/en\/wp-json\/wp\/v2\/product\/11817","targetHints":{"allow":["GET"]}}],"collection":[{"href":"https:\/\/meggyz.com\/en\/wp-json\/wp\/v2\/product"}],"about":[{"href":"https:\/\/meggyz.com\/en\/wp-json\/wp\/v2\/types\/product"}],"wp:featuredmedia":[{"embeddable":true,"href":"https:\/\/meggyz.com\/en\/wp-json\/wp\/v2\/media\/173442"}],"wp:attachment":[{"href":"https:\/\/meggyz.com\/en\/wp-json\/wp\/v2\/media?parent=11817"}],"wp:term":[{"taxonomy":"product_brand","embeddable":true,"href":"https:\/\/meggyz.com\/en\/wp-json\/wp\/v2\/product_brand?post=11817"},{"taxonomy":"product_cat","embeddable":true,"href":"https:\/\/meggyz.com\/en\/wp-json\/wp\/v2\/product_cat?post=11817"},{"taxonomy":"product_tag","embeddable":true,"href":"https:\/\/meggyz.com\/en\/wp-json\/wp\/v2\/product_tag?post=11817"}],"curies":[{"name":"wp","href":"https:\/\/api.w.org\/{rel}","templated":true}]}}