{"id":2462,"date":"2021-10-16T00:47:58","date_gmt":"2021-10-15T22:47:58","guid":{"rendered":"https:\/\/meggyz.com\/?page_id=2462"},"modified":"2023-10-03T20:07:30","modified_gmt":"2023-10-03T18:07:30","slug":"politique-de-confidentialite","status":"publish","type":"page","link":"https:\/\/meggyz.com\/en\/politique-de-confidentialite\/","title":{"rendered":"Privacy Policy"},"content":{"rendered":"<div data-elementor-type=\"wp-page\" data-elementor-id=\"2462\" class=\"elementor elementor-2462\" data-elementor-post-type=\"page\">\n\t\t\t\t\t\t<section class=\"elementor-section elementor-top-section elementor-element elementor-element-a62c999 elementor-section-boxed elementor-section-height-default elementor-section-height-default\" data-id=\"a62c999\" data-element_type=\"section\">\n\t\t\t\t\t\t<div class=\"elementor-container elementor-column-gap-default\">\n\t\t\t\t\t<div class=\"elementor-column elementor-col-100 elementor-top-column elementor-element elementor-element-8495d26\" data-id=\"8495d26\" data-element_type=\"column\">\n\t\t\t<div class=\"elementor-widget-wrap elementor-element-populated\">\n\t\t\t\t\t\t<div class=\"elementor-element elementor-element-9d00f19 elementor-widget elementor-widget-text-editor\" data-id=\"9d00f19\" data-element_type=\"widget\" data-widget_type=\"text-editor.default\">\n\t\t\t\t<div class=\"elementor-widget-container\">\n\t\t\t\t\t\t\t\t\tLa pr\u00e9sente page de Politique de confidentialit\u00e9 a pour but d&rsquo;informer les utilisateurs de notre site www.meggyz.com des donn\u00e9es que nous recueillons, de leur utilisation et de leurs droits.\t\t\t\t\t\t\t\t<\/div>\n\t\t\t\t<\/div>\n\t\t\t\t<div class=\"elementor-element elementor-element-c894d21 elementor-widget elementor-widget-heading\" data-id=\"c894d21\" data-element_type=\"widget\" data-widget_type=\"heading.default\">\n\t\t\t\t<div class=\"elementor-widget-container\">\n\t\t\t\t\t<h2 class=\"elementor-heading-title elementor-size-default\">Traitement des donn\u00e9es personnelles<\/h2>\t\t\t\t<\/div>\n\t\t\t\t<\/div>\n\t\t\t\t<div class=\"elementor-element elementor-element-07ce0aa elementor-widget elementor-widget-text-editor\" data-id=\"07ce0aa\" data-element_type=\"widget\" data-widget_type=\"text-editor.default\">\n\t\t\t\t<div class=\"elementor-widget-container\">\n\t\t\t\t\t\t\t\t\tSur notre site www.meggyz.com, il y a deux types de donn\u00e9es susceptibles d\u2019\u00eatre recueillies : les donn\u00e9es transmises directement lors de la saisie par l&rsquo;utilisateur et les donn\u00e9es collect\u00e9es automatiquement apr\u00e8s le consentement de celui-ci.\t\t\t\t\t\t\t\t<\/div>\n\t\t\t\t<\/div>\n\t\t\t\t<div class=\"elementor-element elementor-element-a243c34 elementor-widget elementor-widget-heading\" data-id=\"a243c34\" data-element_type=\"widget\" data-widget_type=\"heading.default\">\n\t\t\t\t<div class=\"elementor-widget-container\">\n\t\t\t\t\t<h3 class=\"elementor-heading-title elementor-size-default\">Les donn\u00e9es transmises<\/h3>\t\t\t\t<\/div>\n\t\t\t\t<\/div>\n\t\t\t\t<div class=\"elementor-element elementor-element-592d9c4 elementor-widget elementor-widget-text-editor\" data-id=\"592d9c4\" data-element_type=\"widget\" data-widget_type=\"text-editor.default\">\n\t\t\t\t<div class=\"elementor-widget-container\">\n\t\t\t\t\t\t\t\t\tLe site www.meggyz.com collecte des informations personnelles relatives \u00e0 l&rsquo;utilisateur que pour le besoin de certains services propos\u00e9s par le site :\n<ul>\n \t<li>Aux commandes r\u00e9alis\u00e9es ;<\/li>\n \t<li>A la facturation ;<\/li>\n \t<li>Aux commentaires\/avis post\u00e9s ;<\/li>\n \t<li>Aux formulaires de contact ;<\/li>\n \t<li>Lors de la cr\u00e9ation\/modification d&rsquo;un compte ;<\/li>\n \t<li>A l&rsquo;inscription \u00e0 la Newsletter.<\/li>\n<\/ul>\nL&rsquo;utilisateur fournit ces informations lorsqu&rsquo;il proc\u00e8de de lui-m\u00eame \u00e0 leur saisie en toute connaissance de cause. Les donn\u00e9es collect\u00e9es sont strictement n\u00e9cessaires aux traitements mentionn\u00e9s ci-dessus. Nous ne recueillons pas de donn\u00e9es personnelles suppl\u00e9mentaires sans en informer au pr\u00e9alable l&rsquo;utilisateur. Les informations recueillies peuvent inclure le nom, l&rsquo;adresse e-mail, le num\u00e9ro de t\u00e9l\u00e9phone, l&rsquo;adresse de livraison\/facturation et les donn\u00e9es de paiement\/carte bancaire.\t\t\t\t\t\t\t\t<\/div>\n\t\t\t\t<\/div>\n\t\t\t\t<div class=\"elementor-element elementor-element-60ec078 elementor-widget elementor-widget-heading\" data-id=\"60ec078\" data-element_type=\"widget\" data-widget_type=\"heading.default\">\n\t\t\t\t<div class=\"elementor-widget-container\">\n\t\t\t\t\t<h3 class=\"elementor-heading-title elementor-size-default\">Les donn\u00e9es collect\u00e9es automatiquement<\/h3>\t\t\t\t<\/div>\n\t\t\t\t<\/div>\n\t\t\t\t<div class=\"elementor-element elementor-element-9be5102 elementor-widget elementor-widget-text-editor\" data-id=\"9be5102\" data-element_type=\"widget\" data-widget_type=\"text-editor.default\">\n\t\t\t\t<div class=\"elementor-widget-container\">\n\t\t\t\t\t\t\t\t\tDans le but de garantir une meilleure exp\u00e9rience utilisateur nous utilisons Google Analytics comme outils d\u2019analyse. Cet outil est la solution la plus repandue et fiable sur le web. Les utilisateurs sont inform\u00e9s que pour les besoins de la navigation MeggyZ peut avoir recours \u00e0 la collecte automatique de certaines informations relatives aux utilisateurs comme l&rsquo;adresse IP, le type d&rsquo;appareil (ordinateur, mobile ou tablette), la dur\u00e9e de visite, les pages vues. Les donn\u00e9es \u00ab web analytics \u00bb sont collect\u00e9es de fa\u00e7on anonyme par Google Analytics, et nous permettent de mesurer l&rsquo;audience de notre site web, les consultations et les \u00e9ventuelles erreurs afin d\u2019am\u00e9liorer constamment l\u2019exp\u00e9rience des utilisateurs.\t\t\t\t\t\t\t\t<\/div>\n\t\t\t\t<\/div>\n\t\t\t\t<div class=\"elementor-element elementor-element-a7d88ee elementor-widget elementor-widget-heading\" data-id=\"a7d88ee\" data-element_type=\"widget\" data-widget_type=\"heading.default\">\n\t\t\t\t<div class=\"elementor-widget-container\">\n\t\t\t\t\t<h2 class=\"elementor-heading-title elementor-size-default\">Paiement<\/h2>\t\t\t\t<\/div>\n\t\t\t\t<\/div>\n\t\t\t\t<div class=\"elementor-element elementor-element-5a1e7ed elementor-widget elementor-widget-text-editor\" data-id=\"5a1e7ed\" data-element_type=\"widget\" data-widget_type=\"text-editor.default\">\n\t\t\t\t<div class=\"elementor-widget-container\">\n\t\t\t\t\t\t\t\t\tNotre boutique utilise les plateformes de paiement Stripe et PayPal. Vos donn\u00e9es de paiement ne sont pas conserv\u00e9es par notre site mais sont collect\u00e9es par nos partenaires de paiement s\u00e9curis\u00e9 (Stripe et PayPal) jusqu\u2019\u00e0 la certification du paiement. Ces plateformes respectent et s&rsquo;engagent \u00e0 la s\u00e9curit\u00e9 des paiements en ligne.<br><br>\n\nLors du traitement des paiements, certaines donn\u00e9es incluant les informations obligatoires \u00e0 l\u2019ex\u00e9cution du paiement, telles que le montant total ou les informations de facturation, seront transmises \u00e0 ces plateformes. Vos donn\u00e9es bancaires sont crypt\u00e9es (technologie SSL).<br><br>\n\nPour plus d&rsquo;information sur la <a href=\"https:\/\/stripe.com\/fr\/privacy#translation\">Privacy Policy<\/a> de Stripe et\u00a0la <a href=\"https:\/\/www.paypal.com\/fr\/webapps\/mpp\/ua\/privacy-full\">Privacy Policy<\/a> de PayPal.\t\t\t\t\t\t\t\t<\/div>\n\t\t\t\t<\/div>\n\t\t\t\t<div class=\"elementor-element elementor-element-84f3162 elementor-widget elementor-widget-heading\" data-id=\"84f3162\" data-element_type=\"widget\" data-widget_type=\"heading.default\">\n\t\t\t\t<div class=\"elementor-widget-container\">\n\t\t\t\t\t<h2 class=\"elementor-heading-title elementor-size-default\">Utilisation des donn\u00e9es<\/h2>\t\t\t\t<\/div>\n\t\t\t\t<\/div>\n\t\t\t\t<div class=\"elementor-element elementor-element-84d4679 elementor-widget elementor-widget-text-editor\" data-id=\"84d4679\" data-element_type=\"widget\" data-widget_type=\"text-editor.default\">\n\t\t\t\t<div class=\"elementor-widget-container\">\n\t\t\t\t\t\t\t\t\tLes informations recueillies peuvent \u00eatre utilis\u00e9es pour :\n<ul>\n \t<li>Exp\u00e9dier les produits achet\u00e9s sur notre site \u00e0 l&rsquo;adresse mentionn\u00e9e par l&rsquo;utilisateur ;<\/li>\n \t<li>Personnaliser votre exp\u00e9rience et r\u00e9pondre \u00e0 vos besoins individuels ;<\/li>\n \t<li>Am\u00e9liorer notre site et son contenu ;<\/li>\n \t<li>Am\u00e9liorer le service client ;<\/li>\n \t<li>Vous contacter par e-mail lors d&rsquo;un achat ou bien \u00e0 l&rsquo;inscription de la Newsletter ;<\/li>\n \t<li>Administrer un concours, une promotion, ou une enqu\u00eate.<\/li>\n<\/ul>\nMeggyZ est le seul propri\u00e9taire des informations recueillies sur ce site. Vos informations personnelles ne sont pas vendues, \u00e9chang\u00e9es, transf\u00e9r\u00e9es ou donn\u00e9es \u00e0 une autre soci\u00e9t\u00e9 pour n\u2019importe quelle raison, sans votre consentement, en dehors de ce qui est n\u00e9cessaire pour r\u00e9pondre \u00e0 une demande et\/ou une transaction, comme par exemple pour exp\u00e9dier une commande et vous envoyer la facture.<br><br>\n\nMeggyZ s&rsquo;engage \u00e0 prot\u00e9ger les donn\u00e9es \u00e0 caract\u00e8re personnel collect\u00e9es et \u00e0 respecter les finalit\u00e9s pour lesquelles ces donn\u00e9es ont \u00e9t\u00e9 collect\u00e9es. Nous pouvons fournir les donn\u00e9es dans le cas o\u00f9 nous sommes tenus de le faire par la loi et\/ou pour \u00e9tablir, exercer ou d\u00e9fendre nos droits l\u00e9gaux. L&rsquo;hypoth\u00e8se du rachat de MeggyZ et de ses droits permettrait la transmission des dites informations \u00e0 l&rsquo;\u00e9ventuel acqu\u00e9reur qui serait \u00e0 son tour tenu de la m\u00eame obligation de conservation et de modification des donn\u00e9es vis \u00e0 vis de l&rsquo;utilisateur du site www.meggyz.com.<br><br>\n\nLe site MeggyZ n&rsquo;est pas responsable de la Politique de confidentialit\u00e9 des liens disponibles sur celui-ci redirigeant vers d&rsquo;autres sites. Nous n&rsquo;avons aucun contr\u00f4le sur leurs pratiques et politiques.\t\t\t\t\t\t\t\t<\/div>\n\t\t\t\t<\/div>\n\t\t\t\t<div class=\"elementor-element elementor-element-03d6ca0 elementor-widget elementor-widget-heading\" data-id=\"03d6ca0\" data-element_type=\"widget\" data-widget_type=\"heading.default\">\n\t\t\t\t<div class=\"elementor-widget-container\">\n\t\t\t\t\t<h2 class=\"elementor-heading-title elementor-size-default\">Dur\u00e9e de stockage des donn\u00e9es<\/h2>\t\t\t\t<\/div>\n\t\t\t\t<\/div>\n\t\t\t\t<div class=\"elementor-element elementor-element-d44e8ca elementor-widget elementor-widget-text-editor\" data-id=\"d44e8ca\" data-element_type=\"widget\" data-widget_type=\"text-editor.default\">\n\t\t\t\t<div class=\"elementor-widget-container\">\n\t\t\t\t\t\t\t\t\tVos donn\u00e9es sont conserv\u00e9es en fonction de leurs fins. Les donn\u00e9es relatives \u00e0 votre compte client sont conserv\u00e9es tant que le compte est actif, vous pouvez \u00e0 tout moment fermer celui-ci. Tout comme pour l&rsquo;abonnement \u00e0 la Newsletter, vous pouvez \u00e0 tout moment vous d\u00e9sabonner. Les commentaires sont conserv\u00e9s tant que l&rsquo;article et\/ou le produit est en ligne ce qui permet de d\u00e9tecter les commentaires ind\u00e9sirables. Les donn\u00e9es recueillies via le formulaire de contact sont gard\u00e9es durant le temps de traitement n\u00e9cessaire \u00e0 celui-ci. Les donn\u00e9es de facturation sont conserv\u00e9es dix ans en application du Code de commerce m\u00eame si la personne concern\u00e9e n\u2019est plus cliente.\t\t\t\t\t\t\t\t<\/div>\n\t\t\t\t<\/div>\n\t\t\t\t<div class=\"elementor-element elementor-element-ca000a8 elementor-widget elementor-widget-heading\" data-id=\"ca000a8\" data-element_type=\"widget\" data-widget_type=\"heading.default\">\n\t\t\t\t<div class=\"elementor-widget-container\">\n\t\t\t\t\t<h2 class=\"elementor-heading-title elementor-size-default\">Cookie<\/h2>\t\t\t\t<\/div>\n\t\t\t\t<\/div>\n\t\t\t\t<div class=\"elementor-element elementor-element-83a110c elementor-widget elementor-widget-text-editor\" data-id=\"83a110c\" data-element_type=\"widget\" data-widget_type=\"text-editor.default\">\n\t\t\t\t<div class=\"elementor-widget-container\">\n\t\t\t\t\t\t\t\t\tUn cookie est un petit fichier stock\u00e9 par un serveur dans le terminal (ordinateur, t\u00e9l\u00e9phone, tablette) d\u2019un utilisateur et associ\u00e9 \u00e0 un domaine web. Les cookies ont de multiples usages : ils peuvent servir \u00e0 m\u00e9moriser votre identifiant client aupr\u00e8s d&rsquo;un site marchand, le contenu courant de votre panier d&rsquo;achat, la langue d\u2019affichage de la page web, un identifiant permettant de tracer votre navigation \u00e0 des fins statistiques ou publicitaires, etc. Ainsi les cookies permettent de traiter des statistiques et des informations sur le trafic, de faciliter la navigation et d&rsquo;am\u00e9liorer le service pour le confort de l&rsquo;utilisateur.<br><br>\n\nEn naviguant sur notre site une banni\u00e8re vous permet d&rsquo;accepter ou de refuser l&rsquo;utilisation de cookies. Les cookies ne seront install\u00e9s qu&rsquo;apr\u00e8s confirmation de l&rsquo;utilisateur. L\u2019utilisateur peut aussi configurer son ordinateur pour refuser l\u2019installation des cookies. Dans le cas o\u00f9 l&rsquo;utilisateur d\u00e9cide de d\u00e9sactiver les cookies, il pourra poursuivre sa navigation sur le site internet. Cependant tout dysfonctionnement du site provoqu\u00e9 par cette manipulation ne pourrait \u00eatre consid\u00e9r\u00e9 comme provenant du site.<br><br>\n\nUne page est d\u00e9di\u00e9e pour la <a href=\"https:\/\/meggyz.com\/en\/politique-cookie\/\">Politique des Cookies<\/a>.\t\t\t\t\t\t\t\t<\/div>\n\t\t\t\t<\/div>\n\t\t\t\t<div class=\"elementor-element elementor-element-304f0d2 elementor-widget elementor-widget-heading\" data-id=\"304f0d2\" data-element_type=\"widget\" data-widget_type=\"heading.default\">\n\t\t\t\t<div class=\"elementor-widget-container\">\n\t\t\t\t\t<h2 class=\"elementor-heading-title elementor-size-default\">Vos droits<\/h2>\t\t\t\t<\/div>\n\t\t\t\t<\/div>\n\t\t\t\t<div class=\"elementor-element elementor-element-1898536 elementor-widget elementor-widget-text-editor\" data-id=\"1898536\" data-element_type=\"widget\" data-widget_type=\"text-editor.default\">\n\t\t\t\t<div class=\"elementor-widget-container\">\n\t\t\t\t\t\t\t\t\tVous pouvez acc\u00e9der aux donn\u00e9es vous concernant, les rectifier, demander leur effacement ou exercer votre droit \u00e0 la limitation du traitement de vos donn\u00e9es.\t\t\t\t\t\t\t\t<\/div>\n\t\t\t\t<\/div>\n\t\t\t\t<div class=\"elementor-element elementor-element-8684c32 elementor-widget elementor-widget-text-editor\" data-id=\"8684c32\" data-element_type=\"widget\" data-widget_type=\"text-editor.default\">\n\t\t\t\t<div class=\"elementor-widget-container\">\n\t\t\t\t\t\t\t\t\tDans le cas o\u00f9 l&rsquo;int\u00e9grit\u00e9, la confidentialit\u00e9 ou la s\u00e9curit\u00e9 des donn\u00e9es \u00e0 caract\u00e8re personnel de l&rsquo;utilisateur est compromise, MeggyZ s&rsquo;engage \u00e0 informer l&rsquo;utilisateur par tout moyen.\t\t\t\t\t\t\t\t<\/div>\n\t\t\t\t<\/div>\n\t\t\t\t<div class=\"elementor-element elementor-element-6d9e24c elementor-widget elementor-widget-text-editor\" data-id=\"6d9e24c\" data-element_type=\"widget\" data-widget_type=\"text-editor.default\">\n\t\t\t\t<div class=\"elementor-widget-container\">\n\t\t\t\t\t\t\t\t\tConsultez le site\u00a0cnil.fr pour plus d\u2019informations sur vos droits.\t\t\t\t\t\t\t\t<\/div>\n\t\t\t\t<\/div>\n\t\t\t\t<div class=\"elementor-element elementor-element-389c4f0 elementor-widget elementor-widget-text-editor\" data-id=\"389c4f0\" data-element_type=\"widget\" data-widget_type=\"text-editor.default\">\n\t\t\t\t<div class=\"elementor-widget-container\">\n\t\t\t\t\t\t\t\t\tPour toute question sur le traitement de vos donn\u00e9es veuillez nous contacter via email : contact.meggyz@gmail.com Si vous estimez, apr\u00e8s nous avoir contact\u00e9s, que vos droits \u00ab\u00a0Informatique et Libert\u00e9s\u00a0\u00bb ne sont pas respect\u00e9s, vous pouvez adresser une r\u00e9clamation \u00e0 la CNIL.\t\t\t\t\t\t\t\t<\/div>\n\t\t\t\t<\/div>\n\t\t\t\t<div class=\"elementor-element elementor-element-ab2e353 elementor-widget elementor-widget-text-editor\" data-id=\"ab2e353\" data-element_type=\"widget\" data-widget_type=\"text-editor.default\">\n\t\t\t\t<div class=\"elementor-widget-container\">\n\t\t\t\t\t\t\t\t\tLa pr\u00e9sente Politique de confidentialit\u00e9 peut \u00eatre consult\u00e9e \u00e0 tout moment. L&rsquo;\u00e9diteur du site se r\u00e9serve le droit de la modifier pour garantir sa conformit\u00e9 avec le droit en vigueur. L&rsquo;utilisateur est invit\u00e9 \u00e0 consulter cette Politique de confidentialit\u00e9 afin de se tenir informer des derniers changements qui lui seront apport\u00e9s.\t\t\t\t\t\t\t\t<\/div>\n\t\t\t\t<\/div>\n\t\t\t\t<div class=\"elementor-element elementor-element-acf0935 elementor-widget elementor-widget-text-editor\" data-id=\"acf0935\" data-element_type=\"widget\" data-widget_type=\"text-editor.default\">\n\t\t\t\t<div class=\"elementor-widget-container\">\n\t\t\t\t\t\t\t\t\tLe 19 Octobre 2021\t\t\t\t\t\t\t\t<\/div>\n\t\t\t\t<\/div>\n\t\t\t\t\t<\/div>\n\t\t<\/div>\n\t\t\t\t\t<\/div>\n\t\t<\/section>\n\t\t\t\t<\/div>","protected":false},"excerpt":{"rendered":"<p>La pr\u00e9sente page de Politique de confidentialit\u00e9 a pour but d&rsquo;informer les utilisateurs de notre site www.meggyz.com des donn\u00e9es que nous recueillons, de leur utilisation et de leurs droits. Traitement des donn\u00e9es personnelles Sur notre site www.meggyz.com, il y a deux types de donn\u00e9es susceptibles d\u2019\u00eatre recueillies : les donn\u00e9es transmises directement lors de la [&hellip;]<\/p>","protected":false},"author":12,"featured_media":0,"parent":0,"menu_order":0,"comment_status":"closed","ping_status":"closed","template":"","meta":{"site-sidebar-layout":"default","site-content-layout":"","ast-site-content-layout":"default","site-content-style":"default","site-sidebar-style":"default","ast-global-header-display":"","ast-banner-title-visibility":"","ast-main-header-display":"","ast-hfb-above-header-display":"","ast-hfb-below-header-display":"","ast-hfb-mobile-header-display":"","site-post-title":"","ast-breadcrumbs-content":"","ast-featured-img":"","footer-sml-layout":"","ast-disable-related-posts":"","theme-transparent-header-meta":"","adv-header-id-meta":"","stick-header-meta":"","header-above-stick-meta":"","header-main-stick-meta":"","header-below-stick-meta":"","astra-migrate-meta-layouts":"default","ast-page-background-enabled":"default","ast-page-background-meta":{"desktop":{"background-color":"var(--ast-global-color-4)","background-image":"","background-repeat":"repeat","background-position":"center center","background-size":"auto","background-attachment":"scroll","background-type":"","background-media":"","overlay-type":"","overlay-color":"","overlay-opacity":"","overlay-gradient":""},"tablet":{"background-color":"","background-image":"","background-repeat":"repeat","background-position":"center center","background-size":"auto","background-attachment":"scroll","background-type":"","background-media":"","overlay-type":"","overlay-color":"","overlay-opacity":"","overlay-gradient":""},"mobile":{"background-color":"","background-image":"","background-repeat":"repeat","background-position":"center center","background-size":"auto","background-attachment":"scroll","background-type":"","background-media":"","overlay-type":"","overlay-color":"","overlay-opacity":"","overlay-gradient":""}},"ast-content-background-meta":{"desktop":{"background-color":"var(--ast-global-color-5)","background-image":"","background-repeat":"repeat","background-position":"center center","background-size":"auto","background-attachment":"scroll","background-type":"","background-media":"","overlay-type":"","overlay-color":"","overlay-opacity":"","overlay-gradient":""},"tablet":{"background-color":"var(--ast-global-color-5)","background-image":"","background-repeat":"repeat","background-position":"center center","background-size":"auto","background-attachment":"scroll","background-type":"","background-media":"","overlay-type":"","overlay-color":"","overlay-opacity":"","overlay-gradient":""},"mobile":{"background-color":"var(--ast-global-color-5)","background-image":"","background-repeat":"repeat","background-position":"center center","background-size":"auto","background-attachment":"scroll","background-type":"","background-media":"","overlay-type":"","overlay-color":"","overlay-opacity":"","overlay-gradient":""}},"footnotes":""},"class_list":["post-2462","page","type-page","status-publish","hentry"],"yoast_head":"<!-- This site is optimized with the Yoast SEO plugin v26.7 - https:\/\/yoast.com\/wordpress\/plugins\/seo\/ -->\n<title>Politique de confidentialit\u00e9 &#8211; MeggyZ<\/title>\n<meta name=\"robots\" content=\"index, follow, max-snippet:-1, max-image-preview:large, max-video-preview:-1\" \/>\n<link rel=\"canonical\" href=\"https:\/\/meggyz.com\/en\/politique-de-confidentialite\/\" \/>\n<meta property=\"og:locale\" content=\"en_US\" \/>\n<meta property=\"og:type\" content=\"article\" \/>\n<meta property=\"og:title\" content=\"Politique de confidentialit\u00e9 &#8211; MeggyZ\" \/>\n<meta property=\"og:description\" content=\"La pr\u00e9sente page de Politique de confidentialit\u00e9 a pour but d&rsquo;informer les utilisateurs de notre site www.meggyz.com des donn\u00e9es que nous recueillons, de leur utilisation et de leurs droits. Traitement des donn\u00e9es personnelles Sur notre site www.meggyz.com, il y a deux types de donn\u00e9es susceptibles d\u2019\u00eatre recueillies : les donn\u00e9es transmises directement lors de la [&hellip;]\" \/>\n<meta property=\"og:url\" content=\"https:\/\/meggyz.com\/en\/politique-de-confidentialite\/\" \/>\n<meta property=\"og:site_name\" content=\"MeggyZ\" \/>\n<meta property=\"article:modified_time\" content=\"2023-10-03T18:07:30+00:00\" \/>\n<meta name=\"twitter:card\" content=\"summary_large_image\" \/>\n<meta name=\"twitter:label1\" content=\"Est. reading time\" \/>\n\t<meta name=\"twitter:data1\" content=\"6 minutes\" \/>\n<script type=\"application\/ld+json\" class=\"yoast-schema-graph\">{\"@context\":\"https:\/\/schema.org\",\"@graph\":[{\"@type\":\"WebPage\",\"@id\":\"https:\/\/meggyz.com\/politique-de-confidentialite\/\",\"url\":\"https:\/\/meggyz.com\/politique-de-confidentialite\/\",\"name\":\"Politique de confidentialit\u00e9 &#8211; MeggyZ\",\"isPartOf\":{\"@id\":\"https:\/\/meggyz.com\/#website\"},\"datePublished\":\"2021-10-15T22:47:58+00:00\",\"dateModified\":\"2023-10-03T18:07:30+00:00\",\"breadcrumb\":{\"@id\":\"https:\/\/meggyz.com\/politique-de-confidentialite\/#breadcrumb\"},\"inLanguage\":\"en-US\",\"potentialAction\":[{\"@type\":\"ReadAction\",\"target\":[\"https:\/\/meggyz.com\/politique-de-confidentialite\/\"]}]},{\"@type\":\"BreadcrumbList\",\"@id\":\"https:\/\/meggyz.com\/politique-de-confidentialite\/#breadcrumb\",\"itemListElement\":[{\"@type\":\"ListItem\",\"position\":1,\"name\":\"Accueil\",\"item\":\"https:\/\/meggyz.com\/\"},{\"@type\":\"ListItem\",\"position\":2,\"name\":\"Politique de confidentialit\u00e9\"}]},{\"@type\":\"WebSite\",\"@id\":\"https:\/\/meggyz.com\/#website\",\"url\":\"https:\/\/meggyz.com\/\",\"name\":\"MeggyZ\",\"description\":\"\",\"potentialAction\":[{\"@type\":\"SearchAction\",\"target\":{\"@type\":\"EntryPoint\",\"urlTemplate\":\"https:\/\/meggyz.com\/?s={search_term_string}\"},\"query-input\":{\"@type\":\"PropertyValueSpecification\",\"valueRequired\":true,\"valueName\":\"search_term_string\"}}],\"inLanguage\":\"en-US\"}]}<\/script>\n<!-- \/ Yoast SEO plugin. -->","yoast_head_json":{"title":"Politique de confidentialit\u00e9 &#8211; MeggyZ","robots":{"index":"index","follow":"follow","max-snippet":"max-snippet:-1","max-image-preview":"max-image-preview:large","max-video-preview":"max-video-preview:-1"},"canonical":"https:\/\/meggyz.com\/en\/politique-de-confidentialite\/","og_locale":"en_US","og_type":"article","og_title":"Politique de confidentialit\u00e9 &#8211; MeggyZ","og_description":"La pr\u00e9sente page de Politique de confidentialit\u00e9 a pour but d&rsquo;informer les utilisateurs de notre site www.meggyz.com des donn\u00e9es que nous recueillons, de leur utilisation et de leurs droits. Traitement des donn\u00e9es personnelles Sur notre site www.meggyz.com, il y a deux types de donn\u00e9es susceptibles d\u2019\u00eatre recueillies : les donn\u00e9es transmises directement lors de la [&hellip;]","og_url":"https:\/\/meggyz.com\/en\/politique-de-confidentialite\/","og_site_name":"MeggyZ","article_modified_time":"2023-10-03T18:07:30+00:00","twitter_card":"summary_large_image","twitter_misc":{"Est. reading time":"6 minutes"},"schema":{"@context":"https:\/\/schema.org","@graph":[{"@type":"WebPage","@id":"https:\/\/meggyz.com\/politique-de-confidentialite\/","url":"https:\/\/meggyz.com\/politique-de-confidentialite\/","name":"Politique de confidentialit\u00e9 &#8211; MeggyZ","isPartOf":{"@id":"https:\/\/meggyz.com\/#website"},"datePublished":"2021-10-15T22:47:58+00:00","dateModified":"2023-10-03T18:07:30+00:00","breadcrumb":{"@id":"https:\/\/meggyz.com\/politique-de-confidentialite\/#breadcrumb"},"inLanguage":"en-US","potentialAction":[{"@type":"ReadAction","target":["https:\/\/meggyz.com\/politique-de-confidentialite\/"]}]},{"@type":"BreadcrumbList","@id":"https:\/\/meggyz.com\/politique-de-confidentialite\/#breadcrumb","itemListElement":[{"@type":"ListItem","position":1,"name":"Accueil","item":"https:\/\/meggyz.com\/"},{"@type":"ListItem","position":2,"name":"Politique de confidentialit\u00e9"}]},{"@type":"WebSite","@id":"https:\/\/meggyz.com\/#website","url":"https:\/\/meggyz.com\/","name":"MeggyZ","description":"","potentialAction":[{"@type":"SearchAction","target":{"@type":"EntryPoint","urlTemplate":"https:\/\/meggyz.com\/?s={search_term_string}"},"query-input":{"@type":"PropertyValueSpecification","valueRequired":true,"valueName":"search_term_string"}}],"inLanguage":"en-US"}]}},"_links":{"self":[{"href":"https:\/\/meggyz.com\/en\/wp-json\/wp\/v2\/pages\/2462","targetHints":{"allow":["GET"]}}],"collection":[{"href":"https:\/\/meggyz.com\/en\/wp-json\/wp\/v2\/pages"}],"about":[{"href":"https:\/\/meggyz.com\/en\/wp-json\/wp\/v2\/types\/page"}],"author":[{"embeddable":true,"href":"https:\/\/meggyz.com\/en\/wp-json\/wp\/v2\/users\/12"}],"replies":[{"embeddable":true,"href":"https:\/\/meggyz.com\/en\/wp-json\/wp\/v2\/comments?post=2462"}],"version-history":[{"count":230,"href":"https:\/\/meggyz.com\/en\/wp-json\/wp\/v2\/pages\/2462\/revisions"}],"predecessor-version":[{"id":170024,"href":"https:\/\/meggyz.com\/en\/wp-json\/wp\/v2\/pages\/2462\/revisions\/170024"}],"wp:attachment":[{"href":"https:\/\/meggyz.com\/en\/wp-json\/wp\/v2\/media?parent=2462"}],"curies":[{"name":"wp","href":"https:\/\/api.w.org\/{rel}","templated":true}]}}